{"id":2637,"date":"2014-09-30T10:17:48","date_gmt":"2014-09-30T09:17:48","guid":{"rendered":"http:\/\/imagerielescedres.fr\/?page_id=2637"},"modified":"2021-01-26T15:24:31","modified_gmt":"2021-01-26T14:24:31","slug":"plancoet","status":"publish","type":"page","link":"https:\/\/imagerielescedres.fr\/?page_id=2637","title":{"rendered":"PLANCO\u00cbT"},"content":{"rendered":"<p>[vc_row][vc_column][\/vc_column][\/vc_row][vc_row][vc_column][vc_empty_space][vc_gallery interval=\u00a0\u00bb3&Prime; images=\u00a0\u00bb3610,3611,3612,3613&Prime; img_size=\u00a0\u00bbfull\u00a0\u00bb][vc_raw_html]JTNDaWZyYW1lJTIwc3JjJTNEJTIyaHR0cHMlM0ElMkYlMkZ3d3cuZ29vZ2xlLmNvbSUyRm1hcHMlMkZlbWJlZCUzRnBiJTNEJTIxMW0xOCUyMTFtMTIlMjExbTMlMjExZDI2NDIuNDcyNjI2NTYyNTA5NSUyMTJkLTIuMjQxMTg1NzgzNjA4NTgzJTIxM2Q0OC41MjQxNzM1NzkyNTYxMSUyMTJtMyUyMTFmMCUyMTJmMCUyMTNmMCUyMTNtMiUyMTFpMTAyNCUyMTJpNzY4JTIxNGYxMy4xJTIxM20zJTIxMW0yJTIxMXMweDQ4MGU2NTQ0ZDEyNWZlN2IlMjUzQTB4NDI3Mjk2M2YyYjVjMTBlOSUyMTJzUnVlJTI1MjBkdSUyNTIwRHIlMjUyMENhbG1ldHRlJTI1MkMlMjUyMDIyMTMwJTI1MjBQbGFuY28lMjVDMyUyNUFCdCUyMTVlMCUyMTNtMiUyMTFzZnIlMjEyc2ZyJTIxNHYxNjExNjcxMDQ2MTMxJTIxNW0yJTIxMXNmciUyMTJzZnIlMjIlMjB3aWR0aCUzRCUyMjk2MCUyMiUyMGhlaWdodCUzRCUyMjQ1MCUyMiUyMGZyYW1lYm9yZGVyJTNEJTIyMCUyMiUyMHN0eWxlJTNEJTIyYm9yZGVyJTNBMCUzQiUyMiUyMGFsbG93ZnVsbHNjcmVlbiUzRCUyMiUyMiUyMGFyaWEtaGlkZGVuJTNEJTIyZmFsc2UlMjIlMjB0YWJpbmRleCUzRCUyMjAlMjIlM0UlM0MlMkZpZnJhbWUlM0U=[\/vc_raw_html][\/vc_column][\/vc_row][vc_row][vc_column][vc_empty_space height=\u00a0\u00bb20px\u00a0\u00bb]<h3 class=\"box_header\">Centre d'imagerie m\u00e9dicale de Planco\u00ebt<\/h3>[vc_column_text]<\/p>\n<p style=\"text-align: justify;\">Le Centre d\u2019Imagerie M\u00e9dicale de Planco\u00ebt est situ\u00e9 rue du Dr Calmette pr\u00e8s du cabinet m\u00e9dical.). Les manipulateurs, les secr\u00e9taires et les radiologues du Centre d\u2019Imagerie seront \u00e0 l\u2019\u00e9coute pour la prise en charge et la r\u00e9alisation de vos principaux examens d\u2019imagerie <em>(radiologie conventionnelle, \u00e9chographie, doppler, mammographie num\u00e9rique, radiologie dentaire, certains actes de radiologie interventionnelle comme des biopsies et des infiltrations)<\/em>.<br \/>\nLes examens IRM et Scanner sont r\u00e9alis\u00e9s \u00e0 St Malo il est possible de solliciter une demande de rendez-vous aupr\u00e8s du secr\u00e9tariat n\u00e9anmoins nous vous conseillons de nous t\u00e9l\u00e9phoner ou d\u2019adresser votre demande par courrier \u00e9lectronique (<a href=\"https:\/\/imagerielescedres.fr\/?page_id=2601\">Contactez nous<\/a>).<\/p>\n<p>[\/vc_column_text][vc_empty_space height=\u00a0\u00bb20px\u00a0\u00bb]<h3 class=\"box_header\">Informations pratiques<\/h3>[vc_column_text]<\/p>\n<p style=\"text-align: justify;\">Il existe quelques places de parking situ\u00e9es juste en face du cabinet et autour du cabinet m\u00e9dical.\u00a0L\u2019acc\u00e8s est pr\u00e9vu pour les patients \u00e0 mobilit\u00e9 r\u00e9duite (cabinet de plain-pied).<br \/>\nPour bien pr\u00e9parer votre rendez-vous nous vous conseillons de consulter la rubrique \u00ab<a href=\"https:\/\/imagerielescedres.fr\/?page_id=2824\" target=\"_blank\" rel=\"noopener\"> Votre rendez Vous <\/a>\u00bb afin de ne rien oublier lors de votre venue.\u00a0Vous pourrez consulter votre r\u00e9sultat d\u2019examen \u00e0 partir de votre <a href=\"#\" target=\"_blank\" rel=\"noopener\">Espace Patient<\/a>.<\/p>\n<p>[\/vc_column_text][vc_empty_space height=\u00a0\u00bb20px\u00a0\u00bb]<h3 class=\"box_header\">Coordonn\u00e9es<\/h3>[vc_column_text]Rue du Docteur Calmette<br \/>\n22130 PLANCO\u00cbT<br \/>\nT\u00e9l. : 02 96 84 00 48<br \/>\nFax : 02 96 84 34 80[\/vc_column_text][vc_empty_space height=\u00a0\u00bb20px\u00a0\u00bb]<h3 class=\"box_header\">Horaires<\/h3>[vc_column_text]<strong>Lundi \u2013 Vendredi :<\/strong> 8h30 -12h30 \/ 14h \u2013 18h15<br \/>\n<strong>Samedi :<\/strong>\u00a09h \u2013 12h30[\/vc_column_text][\/vc_column][\/vc_row]<\/p>\n","protected":false},"excerpt":{"rendered":"<p>[vc_row][vc_column][\/vc_column][\/vc_row][vc_row][vc_column][vc_empty_space][vc_gallery interval=\u00a0\u00bb3&Prime; images=\u00a0\u00bb3610,3611,3612,3613&Prime; img_size=\u00a0\u00bbfull\u00a0\u00bb][vc_raw_html]JTNDaWZyYW1lJTIwc3JjJTNEJTIyaHR0cHMlM0ElMkYlMkZ3d3cuZ29vZ2xlLmNvbSUyRm1hcHMlMkZlbWJlZCUzRnBiJTNEJTIxMW0xOCUyMTFtMTIlMjExbTMlMjExZDI2NDIuNDcyNjI2NTYyNTA5NSUyMTJkLTIuMjQxMTg1NzgzNjA4NTgzJTIxM2Q0OC41MjQxNzM1NzkyNTYxMSUyMTJtMyUyMTFmMCUyMTJmMCUyMTNmMCUyMTNtMiUyMTFpMTAyNCUyMTJpNzY4JTIxNGYxMy4xJTIxM20zJTIxMW0yJTIxMXMweDQ4MGU2NTQ0ZDEyNWZlN2IlMjUzQTB4NDI3Mjk2M2YyYjVjMTBlOSUyMTJzUnVlJTI1MjBkdSUyNTIwRHIlMjUyMENhbG1ldHRlJTI1MkMlMjUyMDIyMTMwJTI1MjBQbGFuY28lMjVDMyUyNUFCdCUyMTVlMCUyMTNtMiUyMTFzZnIlMjEyc2ZyJTIxNHYxNjExNjcxMDQ2MTMxJTIxNW0yJTIxMXNmciUyMTJzZnIlMjIlMjB3aWR0aCUzRCUyMjk2MCUyMiUyMGhlaWdodCUzRCUyMjQ1MCUyMiUyMGZyYW1lYm9yZGVyJTNEJTIyMCUyMiUyMHN0eWxlJTNEJTIyYm9yZGVyJTNBMCUzQiUyMiUyMGFsbG93ZnVsbHNjcmVlbiUzRCUyMiUyMiUyMGFyaWEtaGlkZGVuJTNEJTIyZmFsc2UlMjIlMjB0YWJpbmRleCUzRCUyMjAlMjIlM0UlM0MlMkZpZnJhbWUlM0U=[\/vc_raw_html][\/vc_column][\/vc_row][vc_row][vc_column][vc_empty_space height=\u00a0\u00bb20px\u00a0\u00bb][vc_column_text] Le Centre d\u2019Imagerie M\u00e9dicale de Planco\u00ebt est situ\u00e9 rue du Dr Calmette pr\u00e8s du cabinet m\u00e9dical.). Les manipulateurs, les secr\u00e9taires et les radiologues du Centre d\u2019Imagerie seront \u00e0 l\u2019\u00e9coute pour la prise en charge et la r\u00e9alisation de vos principaux examens d\u2019imagerie (radiologie conventionnelle, \u00e9chographie, doppler, mammographie num\u00e9rique, radiologie dentaire,<\/p>\n","protected":false},"author":1,"featured_media":0,"parent":0,"menu_order":0,"comment_status":"open","ping_status":"open","template":"","meta":{"footnotes":""},"_links":{"self":[{"href":"https:\/\/imagerielescedres.fr\/index.php?rest_route=\/wp\/v2\/pages\/2637"}],"collection":[{"href":"https:\/\/imagerielescedres.fr\/index.php?rest_route=\/wp\/v2\/pages"}],"about":[{"href":"https:\/\/imagerielescedres.fr\/index.php?rest_route=\/wp\/v2\/types\/page"}],"author":[{"embeddable":true,"href":"https:\/\/imagerielescedres.fr\/index.php?rest_route=\/wp\/v2\/users\/1"}],"replies":[{"embeddable":true,"href":"https:\/\/imagerielescedres.fr\/index.php?rest_route=%2Fwp%2Fv2%2Fcomments&post=2637"}],"version-history":[{"count":33,"href":"https:\/\/imagerielescedres.fr\/index.php?rest_route=\/wp\/v2\/pages\/2637\/revisions"}],"predecessor-version":[{"id":3622,"href":"https:\/\/imagerielescedres.fr\/index.php?rest_route=\/wp\/v2\/pages\/2637\/revisions\/3622"}],"wp:attachment":[{"href":"https:\/\/imagerielescedres.fr\/index.php?rest_route=%2Fwp%2Fv2%2Fmedia&parent=2637"}],"curies":[{"name":"wp","href":"https:\/\/api.w.org\/{rel}","templated":true}]}}