{"id":2673,"date":"2014-09-30T13:48:29","date_gmt":"2014-09-30T12:48:29","guid":{"rendered":"http:\/\/imagerielescedres.fr\/?page_id=2673"},"modified":"2021-01-26T15:23:33","modified_gmt":"2021-01-26T14:23:33","slug":"dinard","status":"publish","type":"page","link":"https:\/\/imagerielescedres.fr\/?page_id=2673","title":{"rendered":"DINARD"},"content":{"rendered":"<p>[vc_row][vc_column][vc_empty_space][vc_gallery interval=\u00a0\u00bb3&Prime; images=\u00a0\u00bb3321,3322,3323&Prime; img_size=\u00a0\u00bbfull\u00a0\u00bb][vc_raw_html]JTNDaWZyYW1lJTIwc3JjJTNEJTIyaHR0cHMlM0ElMkYlMkZ3d3cuZ29vZ2xlLmNvbSUyRm1hcHMlMkZlbWJlZCUzRnBiJTNEJTIxMW0xOCUyMTFtMTIlMjExbTMlMjExZDI2MzYuODExNDg3MDk3OTgwNyUyMTJkLTIuMDY2OTcyMzMzNjA2MzE5JTIxM2Q0OC42MzI1ODkzMjkyNjU4OSUyMTJtMyUyMTFmMCUyMTJmMCUyMTNmMCUyMTNtMiUyMTFpMTAyNCUyMTJpNzY4JTIxNGYxMy4xJTIxM20zJTIxMW0yJTIxMXMweDQ4MGU4MGJhMjhjN2JkYWQlMjUzQTB4ZDA0ODdiYTRhZmFkNzZjYSUyMTJzQ2VudHJlJTI1MjBkZSUyNTIwUmFkaW9sb2dpZSUyNTIwTGVzJTI1MjBDJTI1QzMlMjVBOGRyZXMlMjE1ZTAlMjEzbTIlMjExc2ZyJTIxMnNmciUyMTR2MTYxMTY3MDk3ODkyMyUyMTVtMiUyMTFzZnIlMjEyc2ZyJTIyJTIwd2lkdGglM0QlMjI5NjAlMjIlMjBoZWlnaHQlM0QlMjI0NTAlMjIlMjBmcmFtZWJvcmRlciUzRCUyMjAlMjIlMjBzdHlsZSUzRCUyMmJvcmRlciUzQTAlM0IlMjIlMjBhbGxvd2Z1bGxzY3JlZW4lM0QlMjIlMjIlMjBhcmlhLWhpZGRlbiUzRCUyMmZhbHNlJTIyJTIwdGFiaW5kZXglM0QlMjIwJTIyJTNFJTNDJTJGaWZyYW1lJTNF[\/vc_raw_html][\/vc_column][\/vc_row][vc_row][vc_column][vc_empty_space height=\u00a0\u00bb20 px\u00a0\u00bb]<h3 class=\"box_header\">Centre d'imagerie m\u00e9dicale de Dinard<\/h3>[vc_column_text]<\/p>\n<p style=\"text-align: justify;\">Le Centre d\u2019Imagerie M\u00e9dicale de Dinard est situ\u00e9 40 rue Gardiner juste \u00e0 c\u00f4t\u00e9 de l\u2019h\u00f4pital Gardiner. Les manipulateurs, les secr\u00e9taires et les radiologues du Centre d\u2019Imagerie seront \u00e0 votre \u00e9coute pour la prise en charge et la r\u00e9alisation de vos principaux examens d\u2019imagerie <em>(radiologie conventionnelle, \u00e9chographie, doppler, mammographie num\u00e9rique, radiologie dentaire, certains actes de radiologie interventionnelle comme des biopsies et des infiltrations)<\/em>.<br \/>\nLes examens IRM et Scanner sont r\u00e9alis\u00e9s \u00e0 St Malo ; il est possible de solliciter une demande de rendez-vous aupr\u00e8s du secr\u00e9tariat pour ces examens n\u00e9anmoins nous vous conseillons de nous t\u00e9l\u00e9phoner ou d\u2019adresser votre demande par courrier \u00e9lectronique (<a href=\"https:\/\/imagerielescedres.fr\/?page_id=2601\" target=\"_blank\" rel=\"noopener\">Contactez nous<\/a>).<\/p>\n<p>[\/vc_column_text][vc_empty_space height=\u00a0\u00bb20 px\u00a0\u00bb]<h3 class=\"box_header\">Informations pratiques<\/h3>[vc_column_text]<\/p>\n<p style=\"text-align: justify;\">Il existe un certain nombre de places de parking situ\u00e9es \u00e0 proximit\u00e9 \u00a0du centre.\u00a0L\u2019acc\u00e8s est pr\u00e9vu pour les patients \u00e0 mobilit\u00e9 r\u00e9duite (cabinet de plain-pied).<br \/>\nPour \u00a0bien pr\u00e9parer votre rendez-vous nous vous conseillons de consulter la rubrique \u00ab\u00a0<a href=\"https:\/\/imagerielescedres.fr\/?page_id=2824\" target=\"_blank\" rel=\"noopener\">Votre rendez Vous<\/a>\u00a0\u00bb afin de ne rien oublier lors de votre venue.<br \/>\nVous pourrez consulter votre r\u00e9sultat d\u2019examen \u00e0 partir de votre <a href=\"#\" target=\"_blank\" rel=\"noopener\">Espace Patient<\/a>,<\/p>\n<p>[\/vc_column_text][vc_empty_space height=\u00a0\u00bb20 px\u00a0\u00bb]<h3 class=\"box_header\">Coordonn\u00e9es<\/h3>[vc_column_text]Centre Gardiner<br \/>\n40, rue Gardiner, Bat. B<br \/>\n35800 DINARD<br \/>\nT\u00e9l. : 02 99 16 88 31<br \/>\nFax. : 02 99 16 88 71[\/vc_column_text][vc_empty_space height=\u00a0\u00bb20 px\u00a0\u00bb]<h3 class=\"box_header\">Horaires<\/h3>[vc_column_text]<strong>Lundi \u2013 Vendredi<\/strong>\u00a0: 8h30 -12h30 \/ 14h \u2013 18h30<br \/>\n<strong>Samedi<\/strong>\u00a0: 9h \u2013 12h30[\/vc_column_text][\/vc_column][\/vc_row]<\/p>\n","protected":false},"excerpt":{"rendered":"<p>[vc_row][vc_column][vc_empty_space][vc_gallery interval=\u00a0\u00bb3&Prime; images=\u00a0\u00bb3321,3322,3323&Prime; img_size=\u00a0\u00bbfull\u00a0\u00bb][vc_raw_html]JTNDaWZyYW1lJTIwc3JjJTNEJTIyaHR0cHMlM0ElMkYlMkZ3d3cuZ29vZ2xlLmNvbSUyRm1hcHMlMkZlbWJlZCUzRnBiJTNEJTIxMW0xOCUyMTFtMTIlMjExbTMlMjExZDI2MzYuODExNDg3MDk3OTgwNyUyMTJkLTIuMDY2OTcyMzMzNjA2MzE5JTIxM2Q0OC42MzI1ODkzMjkyNjU4OSUyMTJtMyUyMTFmMCUyMTJmMCUyMTNmMCUyMTNtMiUyMTFpMTAyNCUyMTJpNzY4JTIxNGYxMy4xJTIxM20zJTIxMW0yJTIxMXMweDQ4MGU4MGJhMjhjN2JkYWQlMjUzQTB4ZDA0ODdiYTRhZmFkNzZjYSUyMTJzQ2VudHJlJTI1MjBkZSUyNTIwUmFkaW9sb2dpZSUyNTIwTGVzJTI1MjBDJTI1QzMlMjVBOGRyZXMlMjE1ZTAlMjEzbTIlMjExc2ZyJTIxMnNmciUyMTR2MTYxMTY3MDk3ODkyMyUyMTVtMiUyMTFzZnIlMjEyc2ZyJTIyJTIwd2lkdGglM0QlMjI5NjAlMjIlMjBoZWlnaHQlM0QlMjI0NTAlMjIlMjBmcmFtZWJvcmRlciUzRCUyMjAlMjIlMjBzdHlsZSUzRCUyMmJvcmRlciUzQTAlM0IlMjIlMjBhbGxvd2Z1bGxzY3JlZW4lM0QlMjIlMjIlMjBhcmlhLWhpZGRlbiUzRCUyMmZhbHNlJTIyJTIwdGFiaW5kZXglM0QlMjIwJTIyJTNFJTNDJTJGaWZyYW1lJTNF[\/vc_raw_html][\/vc_column][\/vc_row][vc_row][vc_column][vc_empty_space height=\u00a0\u00bb20 px\u00a0\u00bb][vc_column_text] Le Centre d\u2019Imagerie M\u00e9dicale de Dinard est situ\u00e9 40 rue Gardiner juste \u00e0 c\u00f4t\u00e9 de l\u2019h\u00f4pital Gardiner. Les manipulateurs, les secr\u00e9taires et les radiologues du Centre d\u2019Imagerie seront \u00e0 votre \u00e9coute pour la prise en charge et la r\u00e9alisation de vos principaux examens d\u2019imagerie (radiologie conventionnelle, \u00e9chographie, doppler, mammographie<\/p>\n","protected":false},"author":1,"featured_media":0,"parent":0,"menu_order":0,"comment_status":"open","ping_status":"open","template":"","meta":{"footnotes":""},"_links":{"self":[{"href":"https:\/\/imagerielescedres.fr\/index.php?rest_route=\/wp\/v2\/pages\/2673"}],"collection":[{"href":"https:\/\/imagerielescedres.fr\/index.php?rest_route=\/wp\/v2\/pages"}],"about":[{"href":"https:\/\/imagerielescedres.fr\/index.php?rest_route=\/wp\/v2\/types\/page"}],"author":[{"embeddable":true,"href":"https:\/\/imagerielescedres.fr\/index.php?rest_route=\/wp\/v2\/users\/1"}],"replies":[{"embeddable":true,"href":"https:\/\/imagerielescedres.fr\/index.php?rest_route=%2Fwp%2Fv2%2Fcomments&post=2673"}],"version-history":[{"count":13,"href":"https:\/\/imagerielescedres.fr\/index.php?rest_route=\/wp\/v2\/pages\/2673\/revisions"}],"predecessor-version":[{"id":3621,"href":"https:\/\/imagerielescedres.fr\/index.php?rest_route=\/wp\/v2\/pages\/2673\/revisions\/3621"}],"wp:attachment":[{"href":"https:\/\/imagerielescedres.fr\/index.php?rest_route=%2Fwp%2Fv2%2Fmedia&parent=2673"}],"curies":[{"name":"wp","href":"https:\/\/api.w.org\/{rel}","templated":true}]}}