{"id":2677,"date":"2014-09-30T14:11:14","date_gmt":"2014-09-30T13:11:14","guid":{"rendered":"http:\/\/imagerielescedres.fr\/?page_id=2677"},"modified":"2022-10-24T14:17:30","modified_gmt":"2022-10-24T13:17:30","slug":"2677-2","status":"publish","type":"page","link":"https:\/\/imagerielescedres.fr\/?page_id=2677","title":{"rendered":"COMBOURG"},"content":{"rendered":"<p>[vc_row][vc_column][vc_empty_space][vc_gallery interval=\u00a0\u00bb3&Prime; images=\u00a0\u00bb3335,3339,3336,3337&Prime; img_size=\u00a0\u00bbfull\u00a0\u00bb][vc_raw_html]JTNDaWZyYW1lJTIwc3JjJTNEJTIyaHR0cHMlM0ElMkYlMkZ3d3cuZ29vZ2xlLmNvbSUyRm1hcHMlMkZlbWJlZCUzRnBiJTNEJTIxMW0xOCUyMTFtMTIlMjExbTMlMjExZDEwNTkzLjA4MTM5NDYxODQlMjEyZC0xLjc0NjY4MjI0NzA4Mjk1NSUyMTNkNDguNDEyOTUzODY3OTQwOTYlMjEybTMlMjExZjAlMjEyZjAlMjEzZjAlMjEzbTIlMjExaTEwMjQlMjEyaTc2OCUyMTRmMTMuMSUyMTNtMyUyMTFtMiUyMTFzMHg0ODBlOTU2ZDJjOTRlZjg1JTI1M0EweDI0YWI1MDNlZjcwODdhOWUlMjEyc0NlbnRyZSUyNTIwZGUlMjUyMFJhZGlvbG9naWUlMjUyMExlcyUyNTIwQyUyNUMzJTI1QThkcmVzJTIxNWUwJTIxM20yJTIxMXNmciUyMTJzZnIlMjE0djE2MTE2NzA4NDA4NTQlMjE1bTIlMjExc2ZyJTIxMnNmciUyMiUyMHdpZHRoJTNEJTIyOTYwJTIyJTIwaGVpZ2h0JTNEJTIyNDUwJTIyJTIwZnJhbWVib3JkZXIlM0QlMjIwJTIyJTIwc3R5bGUlM0QlMjJib3JkZXIlM0EwJTNCJTIyJTIwYWxsb3dmdWxsc2NyZWVuJTNEJTIyJTIyJTIwYXJpYS1oaWRkZW4lM0QlMjJmYWxzZSUyMiUyMHRhYmluZGV4JTNEJTIyMCUyMiUzRSUzQyUyRmlmcmFtZSUzRQ==[\/vc_raw_html][\/vc_column][\/vc_row][vc_row][vc_column][vc_empty_space height=\u00a0\u00bb20 px\u00a0\u00bb]<h3 class=\"box_header\">Centre d'imagerie m\u00e9dicale de Combourg<\/h3>[vc_column_text]<\/p>\n<p style=\"text-align: justify;\">Le Centre d\u2019Imagerie M\u00e9dicale de Combourg est situ\u00e9 route de Vitr\u00e9 juste \u00e0 c\u00f4t\u00e9 de la clinique St Joseph. Les manipulateurs, les secr\u00e9taires et les radiologues du Centre d\u2019Imagerie seront \u00e0 l\u2019\u00e9coute pour la prise en charge et la r\u00e9alisation de vos principaux examens d\u2019imagerie (radiologie conventionnelle, \u00e9chographie, doppler, mammographie num\u00e9rique, radiologie dentaire, certains actes de radiologie interventionnelle comme des biopsies et des infiltrations, ost\u00e9odensitom\u00e9trie).<br \/>\nIl est possible de solliciter une demande de rendez-vous aupr\u00e8s du secr\u00e9tariat n\u00e9anmoins nous vous conseillons de nous t\u00e9l\u00e9phoner ou d\u2019adresser votre demande par courrier \u00e9lectronique (<a href=\"https:\/\/imagerielescedres.fr\/?page_id=2601\">Contactez nous<\/a>).<\/p>\n<p>[\/vc_column_text][vc_empty_space height=\u00a0\u00bb20 px\u00a0\u00bb]<h3 class=\"box_header\">Informations pratiques<\/h3>[vc_column_text]Il existe un certain nombre de places de parking situ\u00e9es \u00e0 proximit\u00e9 du centre.\u00a0L\u2019acc\u00e8s est pr\u00e9vu pour les patients \u00e0 mobilit\u00e9 r\u00e9duite (cabinet de plain-pied).\u00a0Pour bien pr\u00e9parer votre rendez-vous nous vous conseillons de consulter la rubrique \u00ab <a href=\"https:\/\/imagerielescedres.fr\/?page_id=2824\">Votre rendez Vous<\/a> \u00bb afin de ne rien oublier lors de votre venue.<br \/>\nVous pourrez consulter votre r\u00e9sultat d\u2019examen \u00e0 partir de votre <a href=\"#\">Espace Patient<\/a>.[\/vc_column_text][vc_empty_space height=\u00a0\u00bb20 px\u00a0\u00bb]<h3 class=\"box_header\">Coordonn\u00e9es<\/h3>[vc_empty_space height=\u00a0\u00bb10 px\u00a0\u00bb][vc_column_text]27, Lieu-dit LES RIVIERES<br \/>\nRoute de Vitr\u00e9<br \/>\n35270 COMBOURG<br \/>\nT\u00e9l. : 02 99 73 28 28<br \/>\nFax : 02 99 73 06 08[\/vc_column_text][vc_empty_space height=\u00a0\u00bb20 px\u00a0\u00bb]<h3 class=\"box_header\">Horaires<\/h3>[vc_empty_space height=\u00a0\u00bb10 px\u00a0\u00bb][vc_column_text]<strong>Lundi \u2013 Vendredi :<\/strong> 8h30 -12h30 \/ 14h \u2013 18h30<br \/>\n<strong>Samedi :<\/strong>\u00a09h00 \u2013 12h30[\/vc_column_text][\/vc_column][\/vc_row][vc_row][vc_column][vc_column_text]<br \/>\n[\/vc_column_text][\/vc_column][\/vc_row]<\/p>\n","protected":false},"excerpt":{"rendered":"<p>[vc_row][vc_column][vc_empty_space][vc_gallery interval=\u00a0\u00bb3&Prime; images=\u00a0\u00bb3335,3339,3336,3337&Prime; img_size=\u00a0\u00bbfull\u00a0\u00bb][vc_raw_html]JTNDaWZyYW1lJTIwc3JjJTNEJTIyaHR0cHMlM0ElMkYlMkZ3d3cuZ29vZ2xlLmNvbSUyRm1hcHMlMkZlbWJlZCUzRnBiJTNEJTIxMW0xOCUyMTFtMTIlMjExbTMlMjExZDEwNTkzLjA4MTM5NDYxODQlMjEyZC0xLjc0NjY4MjI0NzA4Mjk1NSUyMTNkNDguNDEyOTUzODY3OTQwOTYlMjEybTMlMjExZjAlMjEyZjAlMjEzZjAlMjEzbTIlMjExaTEwMjQlMjEyaTc2OCUyMTRmMTMuMSUyMTNtMyUyMTFtMiUyMTFzMHg0ODBlOTU2ZDJjOTRlZjg1JTI1M0EweDI0YWI1MDNlZjcwODdhOWUlMjEyc0NlbnRyZSUyNTIwZGUlMjUyMFJhZGlvbG9naWUlMjUyMExlcyUyNTIwQyUyNUMzJTI1QThkcmVzJTIxNWUwJTIxM20yJTIxMXNmciUyMTJzZnIlMjE0djE2MTE2NzA4NDA4NTQlMjE1bTIlMjExc2ZyJTIxMnNmciUyMiUyMHdpZHRoJTNEJTIyOTYwJTIyJTIwaGVpZ2h0JTNEJTIyNDUwJTIyJTIwZnJhbWVib3JkZXIlM0QlMjIwJTIyJTIwc3R5bGUlM0QlMjJib3JkZXIlM0EwJTNCJTIyJTIwYWxsb3dmdWxsc2NyZWVuJTNEJTIyJTIyJTIwYXJpYS1oaWRkZW4lM0QlMjJmYWxzZSUyMiUyMHRhYmluZGV4JTNEJTIyMCUyMiUzRSUzQyUyRmlmcmFtZSUzRQ==[\/vc_raw_html][\/vc_column][\/vc_row][vc_row][vc_column][vc_empty_space height=\u00a0\u00bb20 px\u00a0\u00bb][vc_column_text] Le Centre d\u2019Imagerie M\u00e9dicale de Combourg est situ\u00e9 route de Vitr\u00e9 juste \u00e0 c\u00f4t\u00e9 de la clinique St Joseph. Les manipulateurs, les secr\u00e9taires et les radiologues du Centre d\u2019Imagerie seront \u00e0 l\u2019\u00e9coute pour la prise en charge et la r\u00e9alisation de vos principaux examens d\u2019imagerie (radiologie conventionnelle, \u00e9chographie, doppler,<\/p>\n","protected":false},"author":1,"featured_media":0,"parent":0,"menu_order":0,"comment_status":"open","ping_status":"open","template":"","meta":{"footnotes":""},"_links":{"self":[{"href":"https:\/\/imagerielescedres.fr\/index.php?rest_route=\/wp\/v2\/pages\/2677"}],"collection":[{"href":"https:\/\/imagerielescedres.fr\/index.php?rest_route=\/wp\/v2\/pages"}],"about":[{"href":"https:\/\/imagerielescedres.fr\/index.php?rest_route=\/wp\/v2\/types\/page"}],"author":[{"embeddable":true,"href":"https:\/\/imagerielescedres.fr\/index.php?rest_route=\/wp\/v2\/users\/1"}],"replies":[{"embeddable":true,"href":"https:\/\/imagerielescedres.fr\/index.php?rest_route=%2Fwp%2Fv2%2Fcomments&post=2677"}],"version-history":[{"count":27,"href":"https:\/\/imagerielescedres.fr\/index.php?rest_route=\/wp\/v2\/pages\/2677\/revisions"}],"predecessor-version":[{"id":3641,"href":"https:\/\/imagerielescedres.fr\/index.php?rest_route=\/wp\/v2\/pages\/2677\/revisions\/3641"}],"wp:attachment":[{"href":"https:\/\/imagerielescedres.fr\/index.php?rest_route=%2Fwp%2Fv2%2Fmedia&parent=2677"}],"curies":[{"name":"wp","href":"https:\/\/api.w.org\/{rel}","templated":true}]}}