{"id":2684,"date":"2014-09-30T14:22:30","date_gmt":"2014-09-30T13:22:30","guid":{"rendered":"http:\/\/imagerielescedres.fr\/?page_id=2684"},"modified":"2021-01-26T15:25:19","modified_gmt":"2021-01-26T14:25:19","slug":"saint-malo-clinique-cote-demeraude","status":"publish","type":"page","link":"https:\/\/imagerielescedres.fr\/?page_id=2684","title":{"rendered":"SAINT-MALO : Clinique C\u00f4te d\u2019Emeraude"},"content":{"rendered":"<p>[vc_row][vc_column][vc_empty_space][vc_gallery interval=\u00a0\u00bb3&Prime; images=\u00a0\u00bb3326,3327,3328&Prime; img_size=\u00a0\u00bbfull\u00a0\u00bb][vc_raw_html]JTNDaWZyYW1lJTIwc3JjJTNEJTIyaHR0cHMlM0ElMkYlMkZ3d3cuZ29vZ2xlLmNvbSUyRm1hcHMlMkZlbWJlZCUzRnBiJTNEJTIxMW0xOCUyMTFtMTIlMjExbTMlMjExZDI2MzcuMTY0MTQ2MzA1OTEwNCUyMTJkLTEuOTg1MDkyNzgzNjA2NDM4JTIxM2Q0OC42MjU4NDA4NzkyNjU0OCUyMTJtMyUyMTFmMCUyMTJmMCUyMTNmMCUyMTNtMiUyMTFpMTAyNCUyMTJpNzY4JTIxNGYxMy4xJTIxM20zJTIxMW0yJTIxMXMweDQ4MGU4M2Y5OTY5YmY1OGIlMjUzQTB4MmE2NWU4ZTdhNmNmZjYxMiUyMTJzMSUyNTIwUnVlJTI1MjBkZSUyNTIwbGElMjUyME1haXNvbiUyNTIwTmV1dmUlMjUyQyUyNTIwMzU0MDAlMjUyMFNhaW50LU1hbG8lMjE1ZTAlMjEzbTIlMjExc2ZyJTIxMnNmciUyMTR2MTYxMTY3MTA5NjkxNSUyMTVtMiUyMTFzZnIlMjEyc2ZyJTIyJTIwd2lkdGglM0QlMjI5NjAlMjIlMjBoZWlnaHQlM0QlMjI0NTAlMjIlMjBmcmFtZWJvcmRlciUzRCUyMjAlMjIlMjBzdHlsZSUzRCUyMmJvcmRlciUzQTAlM0IlMjIlMjBhbGxvd2Z1bGxzY3JlZW4lM0QlMjIlMjIlMjBhcmlhLWhpZGRlbiUzRCUyMmZhbHNlJTIyJTIwdGFiaW5kZXglM0QlMjIwJTIyJTNFJTNDJTJGaWZyYW1lJTNF[\/vc_raw_html][\/vc_column][\/vc_row][vc_row][vc_column][vc_empty_space height=\u00a0\u00bb20px\u00a0\u00bb]<h3 class=\"box_header\">Centre d'imagerie m\u00e9dicale Clinique C\u00f4te d'Emeraude<\/h3>[vc_column_text]<\/p>\n<p style=\"text-align: justify;\">Le Centre d\u2019Imagerie M\u00e9dicale de La Clinique de la C\u00f4te d\u2019Emeraude est situ\u00e9 dans l\u2019enceinte de l\u2019\u00e9tablissement, au rez-de-chauss\u00e9e (1 rue de la Maison Neuve St Malo). Les manipulateurs, les secr\u00e9taires et les radiologues du Centre d\u2019Imagerie seront \u00e0 l\u2019\u00e9coute pour la prise en charge et la r\u00e9alisation de vos principaux examens d\u2019imagerie (<em>Radiologie conventionnelle, \u00e9chographie, doppler, certains actes de radiologie interventionnelle comme des biopsies et des infiltrations<\/em>).<br \/>\nLe scanner de la clinique est situ\u00e9 dans un \u00e9tablissement attenant \u00e0 la clinique \u00e0 50 m\u00e8tres du Centre d\u2019Imagerie. Il est possible de solliciter une demande de rendez-vous aupr\u00e8s du secr\u00e9tariat n\u00e9anmoins nous vous conseillons de nous t\u00e9l\u00e9phoner ou d\u2019adresser votre demande par courrier \u00e9lectronique (<a href=\"https:\/\/imagerielescedres.fr\/?page_id=2601\">Contactez nous<\/a>).<\/p>\n<p>[\/vc_column_text][vc_empty_space height=\u00a0\u00bb20px\u00a0\u00bb]<h3 class=\"box_header\">Informations pratiques<\/h3>[vc_column_text]<\/p>\n<p style=\"text-align: justify;\">Il existe un certain nombre de places de parking situ\u00e9es \u00e0 proximit\u00e9 du centre.\u00a0L\u2019acc\u00e8s est pr\u00e9vu pour les patients \u00e0 mobilit\u00e9 r\u00e9duite (cabinet de plain-pied).\u00a0Pour bien pr\u00e9parer votre rendez-vous nous vous conseillons de consulter la rubrique \u00ab <a href=\"https:\/\/imagerielescedres.fr\/?page_id=2824\">Votre rendez Vous <\/a>\u00bb afin de ne rien oublier lors de votre venue.<br \/>\nVous pourrez consulter votre r\u00e9sultat d\u2019examen \u00e0 partir de votre Espace Patient.<\/p>\n<p>[\/vc_column_text][vc_empty_space height=\u00a0\u00bb20px\u00a0\u00bb]<h3 class=\"box_header\">Coordonn\u00e9es<\/h3>[vc_column_text]1, rue Maison Neuve<br \/>\n35400 SAINT-MALO<br \/>\nT\u00e9l. : 02 23 52 20 10<br \/>\nFax : 02 99 16 14 17[\/vc_column_text][vc_empty_space height=\u00a0\u00bb20px\u00a0\u00bb]<h3 class=\"box_header\">Horaires<\/h3>[vc_column_text]<strong>Lundi \u2013 Vendredi :<\/strong> 8h30 &#8211; 12h30 \/ 14h \u2013 19h<br \/>\n<strong>Samedi :<\/strong>\u00a09h \u2013 12h30[\/vc_column_text][\/vc_column][\/vc_row]<\/p>\n","protected":false},"excerpt":{"rendered":"<p>[vc_row][vc_column][vc_empty_space][vc_gallery interval=\u00a0\u00bb3&Prime; images=\u00a0\u00bb3326,3327,3328&Prime; img_size=\u00a0\u00bbfull\u00a0\u00bb][vc_raw_html]JTNDaWZyYW1lJTIwc3JjJTNEJTIyaHR0cHMlM0ElMkYlMkZ3d3cuZ29vZ2xlLmNvbSUyRm1hcHMlMkZlbWJlZCUzRnBiJTNEJTIxMW0xOCUyMTFtMTIlMjExbTMlMjExZDI2MzcuMTY0MTQ2MzA1OTEwNCUyMTJkLTEuOTg1MDkyNzgzNjA2NDM4JTIxM2Q0OC42MjU4NDA4NzkyNjU0OCUyMTJtMyUyMTFmMCUyMTJmMCUyMTNmMCUyMTNtMiUyMTFpMTAyNCUyMTJpNzY4JTIxNGYxMy4xJTIxM20zJTIxMW0yJTIxMXMweDQ4MGU4M2Y5OTY5YmY1OGIlMjUzQTB4MmE2NWU4ZTdhNmNmZjYxMiUyMTJzMSUyNTIwUnVlJTI1MjBkZSUyNTIwbGElMjUyME1haXNvbiUyNTIwTmV1dmUlMjUyQyUyNTIwMzU0MDAlMjUyMFNhaW50LU1hbG8lMjE1ZTAlMjEzbTIlMjExc2ZyJTIxMnNmciUyMTR2MTYxMTY3MTA5NjkxNSUyMTVtMiUyMTFzZnIlMjEyc2ZyJTIyJTIwd2lkdGglM0QlMjI5NjAlMjIlMjBoZWlnaHQlM0QlMjI0NTAlMjIlMjBmcmFtZWJvcmRlciUzRCUyMjAlMjIlMjBzdHlsZSUzRCUyMmJvcmRlciUzQTAlM0IlMjIlMjBhbGxvd2Z1bGxzY3JlZW4lM0QlMjIlMjIlMjBhcmlhLWhpZGRlbiUzRCUyMmZhbHNlJTIyJTIwdGFiaW5kZXglM0QlMjIwJTIyJTNFJTNDJTJGaWZyYW1lJTNF[\/vc_raw_html][\/vc_column][\/vc_row][vc_row][vc_column][vc_empty_space height=\u00a0\u00bb20px\u00a0\u00bb][vc_column_text] Le Centre d\u2019Imagerie M\u00e9dicale de La Clinique de la C\u00f4te d\u2019Emeraude est situ\u00e9 dans l\u2019enceinte de l\u2019\u00e9tablissement, au rez-de-chauss\u00e9e (1 rue de la Maison Neuve St Malo). Les manipulateurs, les secr\u00e9taires et les radiologues du Centre d\u2019Imagerie seront \u00e0 l\u2019\u00e9coute pour la prise en charge et la r\u00e9alisation de vos<\/p>\n","protected":false},"author":1,"featured_media":0,"parent":0,"menu_order":0,"comment_status":"open","ping_status":"open","template":"","meta":{"footnotes":""},"_links":{"self":[{"href":"https:\/\/imagerielescedres.fr\/index.php?rest_route=\/wp\/v2\/pages\/2684"}],"collection":[{"href":"https:\/\/imagerielescedres.fr\/index.php?rest_route=\/wp\/v2\/pages"}],"about":[{"href":"https:\/\/imagerielescedres.fr\/index.php?rest_route=\/wp\/v2\/types\/page"}],"author":[{"embeddable":true,"href":"https:\/\/imagerielescedres.fr\/index.php?rest_route=\/wp\/v2\/users\/1"}],"replies":[{"embeddable":true,"href":"https:\/\/imagerielescedres.fr\/index.php?rest_route=%2Fwp%2Fv2%2Fcomments&post=2684"}],"version-history":[{"count":16,"href":"https:\/\/imagerielescedres.fr\/index.php?rest_route=\/wp\/v2\/pages\/2684\/revisions"}],"predecessor-version":[{"id":3623,"href":"https:\/\/imagerielescedres.fr\/index.php?rest_route=\/wp\/v2\/pages\/2684\/revisions\/3623"}],"wp:attachment":[{"href":"https:\/\/imagerielescedres.fr\/index.php?rest_route=%2Fwp%2Fv2%2Fmedia&parent=2684"}],"curies":[{"name":"wp","href":"https:\/\/api.w.org\/{rel}","templated":true}]}}