{"id":2691,"date":"2014-09-30T14:32:24","date_gmt":"2014-09-30T13:32:24","guid":{"rendered":"http:\/\/imagerielescedres.fr\/?page_id=2691"},"modified":"2021-01-26T15:26:22","modified_gmt":"2021-01-26T14:26:22","slug":"saint-malo-centre-la-decouverte","status":"publish","type":"page","link":"https:\/\/imagerielescedres.fr\/?page_id=2691","title":{"rendered":"SAINT-MALO : Centre La d\u00e9couverte"},"content":{"rendered":"<p>[vc_row][vc_column][vc_empty_space][vc_gallery interval=\u00a0\u00bb3&Prime; images=\u00a0\u00bb3317,3315,3410,3318&Prime; img_size=\u00a0\u00bbfull\u00a0\u00bb][vc_raw_html]JTNDaWZyYW1lJTIwc3JjJTNEJTIyaHR0cHMlM0ElMkYlMkZ3d3cuZ29vZ2xlLmNvbSUyRm1hcHMlMkZlbWJlZCUzRnBiJTNEJTIxMW0xOCUyMTFtMTIlMjExbTMlMjExZDI2MzYuNTE3NzA0OTY2NDE4NSUyMTJkLTEuOTkyNTI5NTgzNjA2MjE1OCUyMTNkNDguNjM4MjEwNTc5MjY2NTg0JTIxMm0zJTIxMWYwJTIxMmYwJTIxM2YwJTIxM20yJTIxMWkxMDI0JTIxMmk3NjglMjE0ZjEzLjElMjEzbTMlMjExbTIlMjExczB4NDgwZTgzZTEwYThjNjAyYiUyNTNBMHhlNjZkOGU4NWRjZGQzZTBhJTIxMnM3MCUyNTIwQXZlbnVlJTI1MjBkdSUyNTIwRyUyNUMzJTI1QTluJTI1QzMlMjVBOXJhbCUyNTIwZGUlMjUyMEdhdWxsZSUyNTJDJTI1MjAzNTQwMCUyNTIwU2FpbnQtTWFsbyUyMTVlMCUyMTNtMiUyMTFzZnIlMjEyc2ZyJTIxNHYxNjExNjcxMTUwMTM3JTIxNW0yJTIxMXNmciUyMTJzZnIlMjIlMjB3aWR0aCUzRCUyMjk2MCUyMiUyMGhlaWdodCUzRCUyMjQ1MCUyMiUyMGZyYW1lYm9yZGVyJTNEJTIyMCUyMiUyMHN0eWxlJTNEJTIyYm9yZGVyJTNBMCUzQiUyMiUyMGFsbG93ZnVsbHNjcmVlbiUzRCUyMiUyMiUyMGFyaWEtaGlkZGVuJTNEJTIyZmFsc2UlMjIlMjB0YWJpbmRleCUzRCUyMjAlMjIlM0UlM0MlMkZpZnJhbWUlM0U=[\/vc_raw_html][\/vc_column][\/vc_row][vc_row][vc_column][vc_empty_space height=\u00a0\u00bb20 px\u00a0\u00bb]<h3 class=\"box_header\">Centre d'imagerie m\u00e9dicale La d\u00e9couverte<\/h3>[vc_column_text]<\/p>\n<p style=\"text-align: justify;\">Le Centre d\u2019Imagerie M\u00e9dicale de La D\u00e9couverte est situ\u00e9 70 Avenue du G\u00e9n\u00e9ral de Gaulle \u00e0 St Malo. Il comprend un plateau technique complet et met \u00e0 votre disposition un centre de radiologie g\u00e9n\u00e9rale ainsi qu\u2019un Scanner et une IRM au rez-de-chauss\u00e9e du b\u00e2timent ainsi qu&rsquo;un centre de s\u00e9nologie (mammographie, \u00e9chographie) au premier \u00e9tage. Les manipulateurs, les secr\u00e9taires et les radiologues du Centre d\u2019Imagerie seront \u00e0 votre\u00a0\u00e9coute pour la prise en charge et la r\u00e9alisation de vos principaux examens d\u2019imagerie\u00a0<em>(radiologie conventionnelle, \u00e9chographie, doppler, radiologie dentaire, certains actes de radiologie interventionnelle comme des biopsies et des infiltrations, ost\u00e9odensitom\u00e9trie)<\/em>.<br \/>\nAu m\u00eame niveau que le Centre d\u2019Imagerie, un scanner et une IRM sont install\u00e9s\u00a0; il est possible de solliciter une demande de \u00a0rendez-vous aupr\u00e8s du secr\u00e9tariat n\u00e9anmoins nous vous conseillons de nous t\u00e9l\u00e9phoner ou d\u2019adresser votre demande par courrier \u00e9lectronique (<a href=\"https:\/\/imagerielescedres.fr\/?page_id=2824\" target=\"_blank\" rel=\"noopener\">Contactez-nous<\/a>).<\/p>\n<p>[\/vc_column_text][vc_empty_space height=\u00a0\u00bb20 px\u00a0\u00bb]<h3 class=\"box_header\">Informations pratiques<\/h3>[vc_column_text]<\/p>\n<p style=\"text-align: justify;\">Il existe un certain nombre de places de parking situ\u00e9es \u00e0 proximit\u00e9 \u00a0du centre. L\u2019acc\u00e8s est pr\u00e9vu pour les patients \u00e0 mobilit\u00e9 r\u00e9duite (cabinet de plain-pied). Pour bien pr\u00e9parer votre rendez-vous nous vous conseillons de consulter la rubrique \u00ab\u00a0<a href=\"https:\/\/imagerielescedres.fr\/?page_id=2824\" target=\"_blank\" rel=\"noopener\">Votre rendez-vous<\/a>\u00a0\u00bb afin de ne rien oublier lors de votre venue.<br \/>\nVous pourrez consulter votre r\u00e9sultat d\u2019examen \u00e0 partir de votre <a href=\"#\" target=\"_blank\" rel=\"noopener\">Espace Patient<\/a>.<\/p>\n<p>[\/vc_column_text][vc_empty_space height=\u00a0\u00bb20 px\u00a0\u00bb]<h3 class=\"box_header\">Vid\u00e9o surveillance<\/h3>[vc_column_text]<\/p>\n<p style=\"text-align: justify;\">Le Centre d\u2019Imagerie M\u00e9dicale dispose d\u2019une vid\u00e9o surveillance situ\u00e9e au niveau de l\u2019entr\u00e9e proche du parking.<\/p>\n<p>[\/vc_column_text][vc_empty_space height=\u00a0\u00bb20 px\u00a0\u00bb]<h3 class=\"box_header\">Coordonn\u00e9es<\/h3>[vc_column_text]70, avenue du G\u00e9n\u00e9ral de Gaulle<br \/>\n35400 SAINT-MALO<br \/>\nRadiologie : T\u00e9l. : 02 99 82 12 40 \/ Fax : 02 99 82 12 28<br \/>\nMammographie : T\u00e9l. : 02 23 52 19 93 \/ Fax : 02 99 16 70 26[\/vc_column_text][vc_empty_space height=\u00a0\u00bb20 px\u00a0\u00bb]<h3 class=\"box_header\">Horaires<\/h3>[vc_column_text]<strong>Lundi \u2013 Vendredi :<\/strong>\u00a08h30 -12h30 \/ 14h \u2013 18h15<br \/>\n<strong>Samedi :<\/strong>\u00a0Ferm\u00e9[\/vc_column_text][\/vc_column][\/vc_row]<\/p>\n","protected":false},"excerpt":{"rendered":"<p>[vc_row][vc_column][vc_empty_space][vc_gallery interval=\u00a0\u00bb3&Prime; images=\u00a0\u00bb3317,3315,3410,3318&Prime; img_size=\u00a0\u00bbfull\u00a0\u00bb][vc_raw_html]JTNDaWZyYW1lJTIwc3JjJTNEJTIyaHR0cHMlM0ElMkYlMkZ3d3cuZ29vZ2xlLmNvbSUyRm1hcHMlMkZlbWJlZCUzRnBiJTNEJTIxMW0xOCUyMTFtMTIlMjExbTMlMjExZDI2MzYuNTE3NzA0OTY2NDE4NSUyMTJkLTEuOTkyNTI5NTgzNjA2MjE1OCUyMTNkNDguNjM4MjEwNTc5MjY2NTg0JTIxMm0zJTIxMWYwJTIxMmYwJTIxM2YwJTIxM20yJTIxMWkxMDI0JTIxMmk3NjglMjE0ZjEzLjElMjEzbTMlMjExbTIlMjExczB4NDgwZTgzZTEwYThjNjAyYiUyNTNBMHhlNjZkOGU4NWRjZGQzZTBhJTIxMnM3MCUyNTIwQXZlbnVlJTI1MjBkdSUyNTIwRyUyNUMzJTI1QTluJTI1QzMlMjVBOXJhbCUyNTIwZGUlMjUyMEdhdWxsZSUyNTJDJTI1MjAzNTQwMCUyNTIwU2FpbnQtTWFsbyUyMTVlMCUyMTNtMiUyMTFzZnIlMjEyc2ZyJTIxNHYxNjExNjcxMTUwMTM3JTIxNW0yJTIxMXNmciUyMTJzZnIlMjIlMjB3aWR0aCUzRCUyMjk2MCUyMiUyMGhlaWdodCUzRCUyMjQ1MCUyMiUyMGZyYW1lYm9yZGVyJTNEJTIyMCUyMiUyMHN0eWxlJTNEJTIyYm9yZGVyJTNBMCUzQiUyMiUyMGFsbG93ZnVsbHNjcmVlbiUzRCUyMiUyMiUyMGFyaWEtaGlkZGVuJTNEJTIyZmFsc2UlMjIlMjB0YWJpbmRleCUzRCUyMjAlMjIlM0UlM0MlMkZpZnJhbWUlM0U=[\/vc_raw_html][\/vc_column][\/vc_row][vc_row][vc_column][vc_empty_space height=\u00a0\u00bb20 px\u00a0\u00bb][vc_column_text] Le Centre d\u2019Imagerie M\u00e9dicale de La D\u00e9couverte est situ\u00e9 70 Avenue du G\u00e9n\u00e9ral de Gaulle \u00e0 St Malo. Il comprend un plateau technique complet et met \u00e0 votre disposition un centre de radiologie g\u00e9n\u00e9rale ainsi qu\u2019un Scanner et une IRM au rez-de-chauss\u00e9e du b\u00e2timent ainsi qu&rsquo;un centre de s\u00e9nologie<\/p>\n","protected":false},"author":1,"featured_media":0,"parent":0,"menu_order":0,"comment_status":"open","ping_status":"open","template":"","meta":{"footnotes":""},"_links":{"self":[{"href":"https:\/\/imagerielescedres.fr\/index.php?rest_route=\/wp\/v2\/pages\/2691"}],"collection":[{"href":"https:\/\/imagerielescedres.fr\/index.php?rest_route=\/wp\/v2\/pages"}],"about":[{"href":"https:\/\/imagerielescedres.fr\/index.php?rest_route=\/wp\/v2\/types\/page"}],"author":[{"embeddable":true,"href":"https:\/\/imagerielescedres.fr\/index.php?rest_route=\/wp\/v2\/users\/1"}],"replies":[{"embeddable":true,"href":"https:\/\/imagerielescedres.fr\/index.php?rest_route=%2Fwp%2Fv2%2Fcomments&post=2691"}],"version-history":[{"count":20,"href":"https:\/\/imagerielescedres.fr\/index.php?rest_route=\/wp\/v2\/pages\/2691\/revisions"}],"predecessor-version":[{"id":3624,"href":"https:\/\/imagerielescedres.fr\/index.php?rest_route=\/wp\/v2\/pages\/2691\/revisions\/3624"}],"wp:attachment":[{"href":"https:\/\/imagerielescedres.fr\/index.php?rest_route=%2Fwp%2Fv2%2Fmedia&parent=2691"}],"curies":[{"name":"wp","href":"https:\/\/api.w.org\/{rel}","templated":true}]}}