{"id":2699,"date":"2014-09-30T14:38:48","date_gmt":"2014-09-30T13:38:48","guid":{"rendered":"http:\/\/imagerielescedres.fr\/?page_id=2699"},"modified":"2015-11-23T16:30:33","modified_gmt":"2015-11-23T15:30:33","slug":"radiologie","status":"publish","type":"page","link":"https:\/\/imagerielescedres.fr\/?page_id=2699","title":{"rendered":"IMAGERIE G\u00c9N\u00c9RALE"},"content":{"rendered":"<p>[vc_row][vc_column width=\u00a0\u00bb1\/1&Prime;][vc_gallery type=\u00a0\u00bbflexslider_fade\u00a0\u00bb interval=\u00a0\u00bb3&Prime; images=\u00a0\u00bb3401,3120,3399,3118,2909&Prime; onclick=\u00a0\u00bblink_no\u00a0\u00bb custom_links_target=\u00a0\u00bb_self\u00a0\u00bb img_size=\u00a0\u00bbfull\u00a0\u00bb][vc_empty_space height=\u00a0\u00bb20px\u00a0\u00bb][\/vc_column][\/vc_row][vc_row][vc_column width=\u00a0\u00bb1\/6&Prime;]<span class=\"features_image\"><img decoding=\"async\" src=\"https:\/\/imagerielescedres.fr\/wp-content\/themes\/medicenter\/images\/icons_large\/blue_light\/info.png\"><\/span>[\/vc_column][vc_column width=\u00a0\u00bb5\/6&Prime;]<h1 class=\"box_header no_border\">VOS QUESTIONS SUR l'EXAMEN<\/h1>[vc_empty_space height=\u00a0\u00bb20px\u00a0\u00bb]<h3 class=\"box_header\">De quoi s'agit-il ?<\/h3>[vc_column_text]<\/p>\n<p>La Radiologie utilise les rayons X produits par un g\u00e9n\u00e9rateur situ\u00e9 au niveau de la table d\u2019examen. Ce sont des rayonnements invisibles capables de traverser le corps humain et qui sont arr\u00eat\u00e9s partiellement par lui. La diff\u00e9rence d\u2019att\u00e9nuation du rayonnement X provoqu\u00e9e par les diff\u00e9rents composants du corps humain (os, graisse, muscles, eau, air, vaisseaux\u2026) permet de cr\u00e9er l\u2019image en radiologie. Plus les rayons seront frein\u00e9s par les tissus explor\u00e9s moins le film sera impressionn\u00e9. Ainsi les structures riches en calcium comme l\u2019os ne laissent pas passer les rayons X et donc elles appara\u00eetront en blanc sur le film. A contrario, les rayons X traversent l\u2019air sans interaction et donc les structures a\u00e9riques para\u00eetront en noir sur le clich\u00e9. Dans certains cas, afin d\u2019am\u00e9liorer le contraste radiologique, il est n\u00e9cessaire d\u2019opacifier l\u2019organe explor\u00e9 par un produit de contraste iod\u00e9.<\/p>\n<p>[\/vc_column_text][vc_empty_space height=\u00a0\u00bb20px\u00a0\u00bb]<h3 class=\"box_header\">Les Rayons X sont-ils dangereux ?<\/h3>[vc_column_text]<\/p>\n<p>La quantit\u00e9 des rayons X utilis\u00e9e dans le domaine m\u00e9dical est tr\u00e8s faible et actuellement aucune preuve n\u2019a \u00e9t\u00e9 montr\u00e9e que les examens d\u2019imagerie diagnostique puissent \u00eatre responsables de la survenue de cancers. N\u00e9anmoins le principe de pr\u00e9caution pr\u00e9vaut et les dispositifs radiologiques sont contr\u00f4l\u00e9s r\u00e9guli\u00e8rement. Par ailleurs l\u2019\u00e9quipe radiologique adaptera en fonction de la demande de votre m\u00e9decin, l\u2019examen en utilisant le moins de rayonnement possible voire le cas \u00e9ch\u00e9ant il peut arriver que le radiologue substitue l\u2019examen radiologique \u00e0 une autre imagerie n\u2019utilisant pas les rayons X (IRM, \u00e9chographie) s\u2019il le juge plus pertinent en terme d\u2019efficacit\u00e9 et de s\u00e9curit\u00e9 (enfant, femme enceinte).\u00a0Nous vous invitons \u00e0 consulter la fiche \u00e9tablie par la Soci\u00e9te Fran\u00e7ais de Radiologie si vous souhaitez approfondir cette question. (<a href=\"http:\/\/www.imagerielescedres.fr\/fiches\/LesRayonsX.pdf\" target=\"_blank\">T\u00e9l\u00e9charger la fiche<\/a>)<\/p>\n<p>[\/vc_column_text][vc_empty_space height=\u00a0\u00bb20px\u00a0\u00bb]<h3 class=\"box_header\">Y a-t-il des pr\u00e9cautions \u00e0 prendre en cas d'utilisation d'un produit de contraste ?<\/h3>[vc_column_text]<\/p>\n<p style=\"text-align: justify;\">Si l\u2019examen n\u00e9cessite l\u2019utilisation d\u2019un produit de contraste (\u00e0 base d\u2019iode pour l\u2019imagerie radiographique) un certain nombre de pr\u00e9cautions seront n\u00e9cessaires \u00e0 prendre avant l\u2019examen. Celles-ci sont pr\u00e9cis\u00e9es dans la fiche d\u2019informations que vous devrez nous remettre le jour de l\u2019examen t\u00e9l\u00e9chargeable ci-dessous dans la rubrique \u00ab\u00a0T\u00c9L\u00c9CHARGEMENTS\u00a0\u00bb.<\/p>\n<p>[\/vc_column_text][\/vc_column][\/vc_row][vc_row][vc_column width=\u00a0\u00bb1\/1&Prime;][vc_empty_space height=\u00a0\u00bb20 px\u00a0\u00bb][vc_empty_space height=\u00a0\u00bb20 px\u00a0\u00bb][vc_separator color=\u00a0\u00bbgrey\u00a0\u00bb][vc_empty_space height=\u00a0\u00bb20 px\u00a0\u00bb][vc_empty_space height=\u00a0\u00bb20 px\u00a0\u00bb][\/vc_column][\/vc_row][vc_row][vc_column width=\u00a0\u00bb1\/6&Prime;]<span class=\"features_image\"><img decoding=\"async\" src=\"https:\/\/imagerielescedres.fr\/wp-content\/themes\/medicenter\/images\/icons_large\/turquoise_light\/administration.png\"><\/span>[\/vc_column][vc_column width=\u00a0\u00bb5\/6&Prime;]<h1 class=\"box_header no_border\">L\u2019ORGANISATION DE VOTRE RENDEZ-VOUS<\/h1>[vc_empty_space height=\u00a0\u00bb20 px\u00a0\u00bb]<h3 class=\"box_header\">La prise de rendez-vous<\/h3>[vc_column_text]<\/p>\n<p>La prise de rendez-vous se fait de mani\u00e8re pr\u00e9f\u00e9rentielle par t\u00e9l\u00e9phone aux horaires d\u2019ouverture des cabinets (<a href=\"https:\/\/imagerielescedres.fr\/?page_id=2824\">nous contacter<\/a>). Il est bien s\u00fbr possible de vous d\u00e9placer dans un des centres pour effectuer cette d\u00e9marche. Lors de votre appel t\u00e9l\u00e9phonique ou de votre passage munissez-vous de votre ordonnance. Pour certains examens, la demande devra \u00eatre valid\u00e9e par un des radiologues avant confirmation de votre rendez-vous. Cette demande peut nous \u00eatre adress\u00e9e par fax, courrier ou mail (<a href=\"https:\/\/imagerielescedres.fr\/?page_id=2824\">nous contacter<\/a>).\u00a0S\u2019il s\u2019agit d\u2019un examen avec une injection, il faudra nous remettre la lettre d\u2019information et de consentement sign\u00e9e et dat\u00e9e. Le cabinet de radiologie vous fournira la prescription des produits \u00e0 se procurer aupr\u00e8s d\u2019une pharmacie avant l\u2019examen et le cas \u00e9ch\u00e9ant un bilan sanguin devra \u00eatre r\u00e9alis\u00e9 pour v\u00e9rifier la fonction r\u00e9nale en cas d\u2019injection d\u2019un produit de contraste.\u00a0Il est pr\u00e9f\u00e9rable d\u2019effectuer cette d\u00e9marche en avance car parfois les pharmacies doivent commander les produits.\u00a0N\u2019h\u00e9sitez pas \u00e0 <a href=\"https:\/\/imagerielescedres.fr\/?page_id=2824\">nous contacter<\/a>\u00a0si vous avez des questions.<\/p>\n<p>[\/vc_column_text][vc_empty_space height=\u00a0\u00bb20 px\u00a0\u00bb]<h3 class=\"box_header\">Le jour de l'examen<\/h3>[vc_column_text]<\/p>\n<p>Pr\u00e9sentez-vous une dizaine de minutes avant l\u2019heure du rendez-vous. Vous devrez disposer des produits pharmaceutiques \u00e9ventuels prescrits par le radiologue ainsi que les r\u00e9sultats de vos prises de sang r\u00e9centes. N\u2019oubliez pas de venir avec votre carte vitale, vos justificatifs de prise en charge sp\u00e9cifique, l\u2019ordonnance, vos bilans radiographiques ant\u00e9rieurs qui pourraient \u00eatre n\u00e9cessaire au radiologue ainsi que la lettre d\u2019information et de consentement dat\u00e9e et sign\u00e9e. En cas d\u2019injection de produit de contraste il est pr\u00e9f\u00e9rable de venir \u00e0 jeun. Sauf avis contraire, vous devez continuer vos traitements habituels.<\/p>\n<p>[\/vc_column_text][vc_empty_space height=\u00a0\u00bb20 px\u00a0\u00bb]<h3 class=\"box_header\">D\u00e9roulement de l'examen<\/h3>[vc_column_text]<\/p>\n<p style=\"text-align: justify;\">Le manipulateur vous accompagnera dans la salle de radiologie pour r\u00e9aliser les radiographies. En fonction de l\u2019examen r\u00e9alis\u00e9 et des incidences effectu\u00e9es vous serez soit allong\u00e9 soit debout. En cas d\u2019injection d\u2019un produit de contraste, celui-ci sera fait dans la salle par le manipulateur s\u2019il s\u2019agit d\u2019une injection dans une veine ou un radiologue pour les autres injections.\u00a0Nous vous invitons \u00e0 consulter les fiches sp\u00e9cifiques \u00e0 l\u2019examen pour avoir plus de d\u00e9tails<\/p>\n<p>[\/vc_column_text][vc_empty_space height=\u00a0\u00bb20 px\u00a0\u00bb]<h3 class=\"box_header\">La remise des r\u00e9sultats<\/h3>[vc_column_text]<\/p>\n<p>Les r\u00e9sultats seront disponibles dans la majorit\u00e9 des cas au d\u00e9cours de l\u2019examen. Vous pourrez rencontrer le radiologue pour qu\u2019il vous donne un compte rendu oral. Un document papier incluant le compte rendu et les images vous sera remis ainsi qu\u2019un num\u00e9ro d\u2019identifiant vous permettant de les consulter sur Internet. Si votre m\u00e9decin poss\u00e8de une messagerie internet s\u00e9curis\u00e9e, il recevra par mail le compte rendu.<\/p>\n<p>[\/vc_column_text][\/vc_column][\/vc_row][vc_row][vc_column width=\u00a0\u00bb1\/1&Prime;][vc_empty_space height=\u00a0\u00bb20 px\u00a0\u00bb][vc_empty_space height=\u00a0\u00bb20 px\u00a0\u00bb][vc_separator color=\u00a0\u00bbgrey\u00a0\u00bb][vc_empty_space height=\u00a0\u00bb20 px\u00a0\u00bb][vc_empty_space height=\u00a0\u00bb20 px\u00a0\u00bb][\/vc_column][\/vc_row][vc_row][vc_column width=\u00a0\u00bb1\/6&Prime;]<span class=\"features_image\"><img decoding=\"async\" src=\"https:\/\/imagerielescedres.fr\/wp-content\/themes\/medicenter\/images\/icons_large\/yellow\/download.png\"><\/span>[\/vc_column][vc_column width=\u00a0\u00bb5\/6&Prime;]<h1 class=\"box_header no_border\">T\u00c9L\u00c9CHARGEMENTS<\/h1>[vc_empty_space height=\u00a0\u00bb40 px\u00a0\u00bb]<h3 class=\"box_header animation-slide\">INFORMATION G\u00c9N\u00c9RALE<\/h3>[vc_empty_space height=\u00a0\u00bb20 px\u00a0\u00bb][vc_accordion top_margin=\u00a0\u00bbnone\u00a0\u00bb active_tab=\u00a0\u00bbfalse\u00a0\u00bb][vc_accordion_tab title=\u00a0\u00bbInformation sur les produits de contraste\u00a0\u00bb tab_id=\u00a0\u00bb1416305940-1-99&Prime;][vc_column_text]<\/p>\n<p>C\u2019est une substance injectable ou ing\u00e9rable qui am\u00e9liore la visualisation des organes explor\u00e9s. Il existe plusieurs cat\u00e9gories de produits de contraste.<\/p>\n<p>[\/vc_column_text][vc_button title=\u00a0\u00bbT\u00e9l\u00e9charger la fiche\u00a0\u00bb size=\u00a0\u00bbmedium\u00a0\u00bb target=\u00a0\u00bb_blank\u00a0\u00bb icon=\u00a0\u00bbwpb_document_pdf\u00a0\u00bb text_color=\u00a0\u00bb#ffffff\u00a0\u00bb hover_text_color=\u00a0\u00bb#ffffff\u00a0\u00bb color=\u00a0\u00bb#3156a3&Prime; hover_color=\u00a0\u00bb#3156a3&Prime; top_margin=\u00a0\u00bbnone\u00a0\u00bb href=\u00a0\u00bbhttp:\/\/www.imagerielescedres.fr\/fiches\/Lesproduitsde contraste.pdf\u00a0\u00bb custom_button_color=\u00a0\u00bb#fec110&Prime;][\/vc_accordion_tab][vc_accordion_tab title=\u00a0\u00bbInformation sur les rayons X\u00a0\u00bb][vc_column_text]<\/p>\n<p>Les rayons X sont des rayonnements invisibles capables de traverser le corps humain et qui sont arr\u00eat\u00e9s partiellement par lui. La diff\u00e9rence d\u2019att\u00e9nuation du rayonnement X provoqu\u00e9e par les diff\u00e9rents composants du corps humain (os, graisse, muscles, eau, air, vaisseaux\u2026) permet de cr\u00e9er l\u2019image en radiologie.<\/p>\n<p>[\/vc_column_text][vc_button title=\u00a0\u00bbT\u00e9l\u00e9charger la fiche\u00a0\u00bb size=\u00a0\u00bbmedium\u00a0\u00bb target=\u00a0\u00bb_blank\u00a0\u00bb icon=\u00a0\u00bbwpb_document_pdf\u00a0\u00bb text_color=\u00a0\u00bb#ffffff\u00a0\u00bb hover_text_color=\u00a0\u00bb#ffffff\u00a0\u00bb color=\u00a0\u00bb#3156a3&Prime; hover_color=\u00a0\u00bb#3156a3&Prime; top_margin=\u00a0\u00bbnone\u00a0\u00bb href=\u00a0\u00bbhttp:\/\/www.imagerielescedres.fr\/fiches\/LesRayonsX.pdf\u00a0\u00bb custom_button_color=\u00a0\u00bb#fec110&Prime;][\/vc_accordion_tab][\/vc_accordion][vc_empty_space height=\u00a0\u00bb20 px\u00a0\u00bb][vc_empty_space height=\u00a0\u00bb20 px\u00a0\u00bb][vc_empty_space height=\u00a0\u00bb20 px\u00a0\u00bb]<h3 class=\"box_header animation-slide\">INFORMATION SUR VOTRE EXAMEN ET LETTRE DE CONSENTEMENT<\/h3>[vc_empty_space height=\u00a0\u00bb20 px\u00a0\u00bb][vc_accordion top_margin=\u00a0\u00bbnone\u00a0\u00bb active_tab=\u00a0\u00bb0&Prime;][vc_accordion_tab title=\u00a0\u00bbUrographie intra veineuse\u00a0\u00bb][vc_column_text]<\/p>\n<p>C\u2019est une radiographie des voies urinaires. Elle consiste \u00e0 injecter un produit opaque aux rayons X qui va s\u2019\u00e9liminer par les reins. La progression du produit de contraste des reins jusqu\u2019\u00e0 la vessie est suivie en r\u00e9alisant r\u00e9guli\u00e8rement des clich\u00e9s de l\u2019arbre urinaire.<\/p>\n<p>[\/vc_column_text][vc_button title=\u00a0\u00bbT\u00e9l\u00e9charger la fiche\u00a0\u00bb size=\u00a0\u00bbmedium\u00a0\u00bb target=\u00a0\u00bb_blank\u00a0\u00bb icon=\u00a0\u00bbwpb_document_pdf\u00a0\u00bb text_color=\u00a0\u00bb#ffffff\u00a0\u00bb hover_text_color=\u00a0\u00bb#ffffff\u00a0\u00bb color=\u00a0\u00bb#3156a3&Prime; hover_color=\u00a0\u00bb#3156a3&Prime; top_margin=\u00a0\u00bbnone\u00a0\u00bb href=\u00a0\u00bbhttp:\/\/www.imagerielescedres.fr\/fiches\/UrographieIntraveineuse.pdf\u00a0\u00bb custom_button_color=\u00a0\u00bb#fec110&Prime;][\/vc_accordion_tab][vc_accordion_tab title=\u00a0\u00bbCystographie r\u00e9trograde\u00a0\u00bb][vc_column_text]<\/p>\n<p>La cystographie est une radio de la vessie et de l\u2019ur\u00e8tre. L\u2019examen utilise des rayons X et un produit \u00e0 base d\u2019iode inject\u00e9 directement dans la vessie \u00e0 l\u2019aide d\u2019une sonde.<\/p>\n<p>[\/vc_column_text][vc_button title=\u00a0\u00bbT\u00e9l\u00e9charger la fiche\u00a0\u00bb size=\u00a0\u00bbmedium\u00a0\u00bb target=\u00a0\u00bb_blank\u00a0\u00bb icon=\u00a0\u00bbwpb_document_pdf\u00a0\u00bb text_color=\u00a0\u00bb#ffffff\u00a0\u00bb hover_text_color=\u00a0\u00bb#ffffff\u00a0\u00bb color=\u00a0\u00bb#3156a3&Prime; hover_color=\u00a0\u00bb#3156a3&Prime; top_margin=\u00a0\u00bbnone\u00a0\u00bb href=\u00a0\u00bbhttp:\/\/www.imagerielescedres.fr\/fiches\/Cystographie.pdf\u00a0\u00bb custom_button_color=\u00a0\u00bb#fec110&Prime;][\/vc_accordion_tab][vc_accordion_tab title=\u00a0\u00bbArthrographie\u00a0\u00bb][vc_column_text]<\/p>\n<p>C\u2019est un examen qui consiste \u00e0 injecter \u00e0 l\u2019aide d\u2019une aiguille un produit de contraste (Iode) \u00e0 l\u2019int\u00e9rieur d\u2019une articulation. Des clich\u00e9s radiographiques ou un scanner sont ensuite r\u00e9alis\u00e9s afin d\u2019\u00e9tudier le contenu de cette articulation.<\/p>\n<p>[\/vc_column_text][vc_button title=\u00a0\u00bbT\u00e9l\u00e9charger la fiche\u00a0\u00bb size=\u00a0\u00bbmedium\u00a0\u00bb target=\u00a0\u00bb_blank\u00a0\u00bb icon=\u00a0\u00bbwpb_document_pdf\u00a0\u00bb text_color=\u00a0\u00bb#ffffff\u00a0\u00bb hover_text_color=\u00a0\u00bb#ffffff\u00a0\u00bb color=\u00a0\u00bb#3156a3&Prime; hover_color=\u00a0\u00bb#3156a3&Prime; top_margin=\u00a0\u00bbnone\u00a0\u00bb href=\u00a0\u00bbhttp:\/\/www.imagerielescedres.fr\/fiches\/Arthrographie.pdf\u00a0\u00bb custom_button_color=\u00a0\u00bb#fec110&Prime;][\/vc_accordion_tab][vc_accordion_tab title=\u00a0\u00bbGalactographie\u00a0\u00bb][vc_column_text]<\/p>\n<p>C\u2019est une radiographie qui permet l\u2019exploration des canaux galactophores. Elle consiste \u00e0 introduire un petit tuyau tr\u00e8s fin (=cath\u00e9ter) \u00e0 l\u2019entr\u00e9e d\u2019un canal situ\u00e9 au niveau du mamelon afin d\u2019y injecter un produit iod\u00e9 et faire ensuite des clich\u00e9s.<\/p>\n<p>[\/vc_column_text][vc_button title=\u00a0\u00bbT\u00e9l\u00e9charger la fiche\u00a0\u00bb size=\u00a0\u00bbmedium\u00a0\u00bb target=\u00a0\u00bb_blank\u00a0\u00bb icon=\u00a0\u00bbwpb_document_pdf\u00a0\u00bb text_color=\u00a0\u00bb#ffffff\u00a0\u00bb hover_text_color=\u00a0\u00bb#ffffff\u00a0\u00bb color=\u00a0\u00bb#3156a3&Prime; hover_color=\u00a0\u00bb#3156a3&Prime; top_margin=\u00a0\u00bbnone\u00a0\u00bb href=\u00a0\u00bbhttp:\/\/www.imagerielescedres.fr\/fiches\/Galactographie.pdf\u00a0\u00bb custom_button_color=\u00a0\u00bb#fec110&Prime;][\/vc_accordion_tab][vc_accordion_tab title=\u00a0\u00bbHyst\u00e9rographie\u00a0\u00bb][vc_column_text]<\/p>\n<p>C\u2019est une radiographie de l\u2019ut\u00e9rus. Elle consiste \u00e0 introduire un produit opaque aux rayons X dans la cavit\u00e9 ut\u00e9rine en passant par le vagin et le col ut\u00e9rin et \u00e0 faire ensuite des clich\u00e9s radiologiques.<\/p>\n<p>[\/vc_column_text][vc_button title=\u00a0\u00bbT\u00e9l\u00e9charger la fiche\u00a0\u00bb size=\u00a0\u00bbmedium\u00a0\u00bb target=\u00a0\u00bb_blank\u00a0\u00bb icon=\u00a0\u00bbwpb_document_pdf\u00a0\u00bb text_color=\u00a0\u00bb#ffffff\u00a0\u00bb hover_text_color=\u00a0\u00bb#ffffff\u00a0\u00bb color=\u00a0\u00bb#3156a3&Prime; hover_color=\u00a0\u00bb#3156a3&Prime; top_margin=\u00a0\u00bbnone\u00a0\u00bb href=\u00a0\u00bbhttp:\/\/www.imagerielescedres.fr\/fiches\/Hysterographie1.pdf\u00a0\u00bb custom_button_color=\u00a0\u00bb#fec110&Prime;][\/vc_accordion_tab][vc_accordion_tab title=\u00a0\u00bbSialographie\u00a0\u00bb][vc_column_text]<\/p>\n<p>C\u2019est une radiographie d\u2019une glande salivaire. Elle consiste \u00e0 introduire un petit tuyau tr\u00e8s fin (=cath\u00e9ter) \u00e0 l\u2019entr\u00e9e du canal de la glande et \u00e0 injecter un produit opaque aux rayons X. Des clich\u00e9s sont ensuite r\u00e9alis\u00e9s.<\/p>\n<p>[\/vc_column_text][vc_button title=\u00a0\u00bbT\u00e9l\u00e9charger la fiche\u00a0\u00bb size=\u00a0\u00bbmedium\u00a0\u00bb target=\u00a0\u00bb_blank\u00a0\u00bb icon=\u00a0\u00bbwpb_document_pdf\u00a0\u00bb text_color=\u00a0\u00bb#ffffff\u00a0\u00bb hover_text_color=\u00a0\u00bb#ffffff\u00a0\u00bb color=\u00a0\u00bb#3156a3&Prime; hover_color=\u00a0\u00bb#3156a3&Prime; top_margin=\u00a0\u00bbnone\u00a0\u00bb href=\u00a0\u00bbhttp:\/\/www.imagerielescedres.fr\/fiches\/Sialographie.pdf\u00a0\u00bb custom_button_color=\u00a0\u00bb#fec110&Prime;][\/vc_accordion_tab][vc_accordion_tab title=\u00a0\u00bbSaccoradiculographie\u00a0\u00bb][vc_column_text]<\/p>\n<p>Cet examen consiste \u00e0 opacifier le canal rachidien (centre de la colonne vert\u00e9brale). Son but est de rechercher ce qui pourrait comprimer un ou plusieurs nerfs et expliquer vos sympt\u00f4mes. Cet examen est le seul qui permette d\u2019explorer la colonne vert\u00e9brale et les nerfs en position debout.<\/p>\n<p>[\/vc_column_text][vc_button title=\u00a0\u00bbT\u00e9l\u00e9charger la fiche\u00a0\u00bb size=\u00a0\u00bbmedium\u00a0\u00bb target=\u00a0\u00bb_blank\u00a0\u00bb icon=\u00a0\u00bbwpb_document_pdf\u00a0\u00bb text_color=\u00a0\u00bb#ffffff\u00a0\u00bb hover_text_color=\u00a0\u00bb#ffffff\u00a0\u00bb color=\u00a0\u00bb#3156a3&Prime; hover_color=\u00a0\u00bb#3156a3&Prime; top_margin=\u00a0\u00bbnone\u00a0\u00bb href=\u00a0\u00bbhttp:\/\/www.imagerielescedres.fr\/fiches\/Saccaradiculographie.pdf\u00a0\u00bb custom_button_color=\u00a0\u00bb#fec110&Prime;][\/vc_accordion_tab][vc_accordion_tab title=\u00a0\u00bbTOGD\u00a0\u00bb][vc_column_text]C\u2019est une radiographie de l\u2019\u0153sophage et de l\u2019estomac.<br \/>\nElle consiste \u00e0 faire boire un produit opaque aux rayons X et \u00e0 faire ensuite des clich\u00e9s radiologiques.[\/vc_column_text][vc_button title=\u00a0\u00bbT\u00e9l\u00e9charger la fiche\u00a0\u00bb size=\u00a0\u00bbmedium\u00a0\u00bb target=\u00a0\u00bb_blank\u00a0\u00bb icon=\u00a0\u00bbwpb_document_pdf\u00a0\u00bb text_color=\u00a0\u00bb#ffffff\u00a0\u00bb hover_text_color=\u00a0\u00bb#ffffff\u00a0\u00bb color=\u00a0\u00bb#3156a3&Prime; hover_color=\u00a0\u00bb#3156a3&Prime; top_margin=\u00a0\u00bbnone\u00a0\u00bb href=\u00a0\u00bbhttp:\/\/www.imagerielescedres.fr\/fiches\/TOGD.pdf\u00a0\u00bb custom_button_color=\u00a0\u00bb#fec110&Prime;][\/vc_accordion_tab][vc_accordion_tab title=\u00a0\u00bbLavement digestif\u00a0\u00bb][vc_column_text]<\/p>\n<p>C\u2019est une radiographie du gros intestin (le c\u00f4lon). Elle consiste \u00e0 introduire par l\u2019interm\u00e9diaire d\u2019une canule plac\u00e9e dans l\u2019anus, un produit opaque aux rayons X et \u00e0 faire ensuite une s\u00e9rie de clich\u00e9s sur l\u2019ensemble du cadre colique.<\/p>\n<p>[\/vc_column_text][vc_button title=\u00a0\u00bbT\u00e9l\u00e9charger la fiche\u00a0\u00bb size=\u00a0\u00bbmedium\u00a0\u00bb target=\u00a0\u00bb_blank\u00a0\u00bb icon=\u00a0\u00bbwpb_document_pdf\u00a0\u00bb text_color=\u00a0\u00bb#ffffff\u00a0\u00bb hover_text_color=\u00a0\u00bb#ffffff\u00a0\u00bb color=\u00a0\u00bb#3156a3&Prime; hover_color=\u00a0\u00bb#3156a3&Prime; top_margin=\u00a0\u00bbnone\u00a0\u00bb href=\u00a0\u00bbhttp:\/\/www.imagerielescedres.fr\/fiches\/Lavement.pdf\u00a0\u00bb custom_button_color=\u00a0\u00bb#fec110&Prime;][\/vc_accordion_tab][\/vc_accordion][\/vc_column][\/vc_row]<\/p>\n","protected":false},"excerpt":{"rendered":"<p>[vc_row][vc_column width=\u00a0\u00bb1\/1&Prime;][vc_gallery type=\u00a0\u00bbflexslider_fade\u00a0\u00bb interval=\u00a0\u00bb3&Prime; images=\u00a0\u00bb3401,3120,3399,3118,2909&Prime; onclick=\u00a0\u00bblink_no\u00a0\u00bb custom_links_target=\u00a0\u00bb_self\u00a0\u00bb img_size=\u00a0\u00bbfull\u00a0\u00bb][vc_empty_space height=\u00a0\u00bb20px\u00a0\u00bb][\/vc_column][\/vc_row][vc_row][vc_column width=\u00a0\u00bb1\/6&Prime;][\/vc_column][vc_column width=\u00a0\u00bb5\/6&Prime;][vc_empty_space height=\u00a0\u00bb20px\u00a0\u00bb][vc_column_text] La Radiologie utilise les rayons X produits par un g\u00e9n\u00e9rateur situ\u00e9 au niveau de la table d\u2019examen. Ce sont des rayonnements invisibles capables de traverser le corps humain et qui sont arr\u00eat\u00e9s partiellement par lui. La diff\u00e9rence d\u2019att\u00e9nuation du rayonnement X provoqu\u00e9e par<\/p>\n","protected":false},"author":1,"featured_media":0,"parent":0,"menu_order":0,"comment_status":"open","ping_status":"open","template":"","meta":{"footnotes":""},"_links":{"self":[{"href":"https:\/\/imagerielescedres.fr\/index.php?rest_route=\/wp\/v2\/pages\/2699"}],"collection":[{"href":"https:\/\/imagerielescedres.fr\/index.php?rest_route=\/wp\/v2\/pages"}],"about":[{"href":"https:\/\/imagerielescedres.fr\/index.php?rest_route=\/wp\/v2\/types\/page"}],"author":[{"embeddable":true,"href":"https:\/\/imagerielescedres.fr\/index.php?rest_route=\/wp\/v2\/users\/1"}],"replies":[{"embeddable":true,"href":"https:\/\/imagerielescedres.fr\/index.php?rest_route=%2Fwp%2Fv2%2Fcomments&post=2699"}],"version-history":[{"count":151,"href":"https:\/\/imagerielescedres.fr\/index.php?rest_route=\/wp\/v2\/pages\/2699\/revisions"}],"predecessor-version":[{"id":3470,"href":"https:\/\/imagerielescedres.fr\/index.php?rest_route=\/wp\/v2\/pages\/2699\/revisions\/3470"}],"wp:attachment":[{"href":"https:\/\/imagerielescedres.fr\/index.php?rest_route=%2Fwp%2Fv2%2Fmedia&parent=2699"}],"curies":[{"name":"wp","href":"https:\/\/api.w.org\/{rel}","templated":true}]}}