{"id":2955,"date":"2014-11-19T09:46:09","date_gmt":"2014-11-19T08:46:09","guid":{"rendered":"http:\/\/imagerielescedres.fr\/?page_id=2955"},"modified":"2014-11-25T16:01:03","modified_gmt":"2014-11-25T15:01:03","slug":"radiologie-dentaire","status":"publish","type":"page","link":"https:\/\/imagerielescedres.fr\/?page_id=2955","title":{"rendered":"IMAGERIE DENTAIRE"},"content":{"rendered":"<p>[vc_row][vc_column width=\u00a0\u00bb1\/1&Prime;][vc_gallery type=\u00a0\u00bbflexslider_fade\u00a0\u00bb interval=\u00a0\u00bb3&Prime; images=\u00a0\u00bb3081,2965,2966&Prime; onclick=\u00a0\u00bblink_no\u00a0\u00bb custom_links_target=\u00a0\u00bb_self\u00a0\u00bb img_size=\u00a0\u00bbfull\u00a0\u00bb][vc_empty_space height=\u00a0\u00bb20px\u00a0\u00bb][\/vc_column][\/vc_row][vc_row][vc_column width=\u00a0\u00bb1\/6&Prime;]<span class=\"features_image\"><img decoding=\"async\" src=\"https:\/\/imagerielescedres.fr\/wp-content\/themes\/medicenter\/images\/icons_large\/blue_light\/info.png\"><\/span>[\/vc_column][vc_column width=\u00a0\u00bb5\/6&Prime;]<h1 class=\"box_header no_border\">VOS QUESTIONS SUR l'EXAMEN<\/h1>[vc_empty_space height=\u00a0\u00bb20 px\u00a0\u00bb]<h3 class=\"box_header\">De quoi s'agit-il ?<\/h3>[vc_column_text]Nous r\u00e9alisons dans nos cabinets diff\u00e9rents bilans radiologiques dentaires.<br \/>\nL\u2019orthopantomogramme ou le panoramique dentaire est un examen demand\u00e9 par votre dentiste afin de faire une analyse globale de l\u2019ensemble des dents ainsi que des os de la m\u00e2choire. Il sera demand\u00e9 pour la recherche d\u2019infection, d\u2019anomalie du tissu osseux de soutien des dents, de visualiser les dents de sagesse et dans les traitements orthodontiques.<br \/>\nLe t\u00e9l\u00e9cr\u00e2ne de profil et parfois de face est demand\u00e9 dans le cadre des bilans d\u2019orthodontie et parfois avant une prise en charge d\u2019une chirurgie maxillo-faciale.<\/p>\n<p>Le Dentascanner est un examen scanner qui permet d\u2019avoir une analyse pr\u00e9cise de la position de vos dents et du tissu de soutien osseux. Aussi il sera demand\u00e9 pour explorer une infection dentaire qui s\u2019\u00e9tend \u00e0 l\u2019os, une tumeur situ\u00e9e au niveau de la m\u00e2choire, v\u00e9rifier le positionnement de certaines dents en particulier pour les dents de sagesse et les dents incluses avant une prise en charge sp\u00e9cifique. En implantologie un Dentascanner sera r\u00e9alis\u00e9 pour conna\u00eetre la quantit\u00e9 d\u2019os disponible afin de mettre un implant. A noter que dans ce type d\u2019indication l\u2019examen ne sera pas pris en charge par la s\u00e9curit\u00e9 sociale.<\/p>\n<p>La Radiologie utilise les rayons X produits par un g\u00e9n\u00e9rateur situ\u00e9 au niveau de la table d\u2019examen. Ce sont des rayonnements invisibles capables de traverser le corps humain et qui sont\u00a0arr\u00eat\u00e9s partiellement par lui. La diff\u00e9rence d\u2019att\u00e9nuation du rayonnement X provoqu\u00e9e par les diff\u00e9rents composants du corps humain (os, graisse, muscles, eau, air, vaisseaux\u2026) permet de cr\u00e9er\u00a0l\u2019image en radiologie. Plus les rayons seront frein\u00e9s par les tissus explor\u00e9s moins le film sera impressionn\u00e9. Ainsi les structures riches en calcium comme l\u2019os ne laissent pas passer les rayons X et donc elles appara\u00eetront en blanc sur le film. A contrario, les rayons X traversent l\u2019air sans interaction et donc les structures a\u00e9riques para\u00eetront en noir sur le clich\u00e9.[\/vc_column_text][vc_empty_space height=\u00a0\u00bb20 px\u00a0\u00bb]<h3 class=\"box_header\">Les Rayons X sont-ils dangereux ?<\/h3>[vc_column_text]La quantit\u00e9 des rayons X utilis\u00e9e dans le domaine m\u00e9dical est tr\u00e8s faible et actuellement aucune preuve n\u2019a \u00e9t\u00e9 montr\u00e9e que les examens d\u2019imagerie diagnostique puissent \u00eatre responsables de la survenue de cancers. N\u00e9anmoins le principe de pr\u00e9caution pr\u00e9vaut et les dispositifs radiologiques sont contr\u00f4l\u00e9s r\u00e9guli\u00e8rement.<br \/>\nNous vous invitons \u00e0 consulter la fiche \u00e9tablie par la Soci\u00e9t\u00e9 Fran\u00e7ais de Radiologie si vous souhaitez approfondir cette question.<br \/>\n(<a href=\"http:\/\/www.imagerielescedres.fr\/fiches\/LesRayonsX.pdf\" target=\"_blank\">T\u00e9l\u00e9charger la fiche<\/a>)[\/vc_column_text][\/vc_column][\/vc_row][vc_row][vc_column width=\u00a0\u00bb1\/1&Prime;][vc_empty_space height=\u00a0\u00bb20 px\u00a0\u00bb][vc_empty_space height=\u00a0\u00bb20 px\u00a0\u00bb][vc_separator color=\u00a0\u00bbgrey\u00a0\u00bb][vc_empty_space height=\u00a0\u00bb20 px\u00a0\u00bb][vc_empty_space height=\u00a0\u00bb20 px\u00a0\u00bb][\/vc_column][\/vc_row][vc_row][vc_column width=\u00a0\u00bb1\/6&Prime;]<span class=\"features_image\"><img decoding=\"async\" src=\"https:\/\/imagerielescedres.fr\/wp-content\/themes\/medicenter\/images\/icons_large\/turquoise_light\/administration.png\"><\/span>[\/vc_column][vc_column width=\u00a0\u00bb5\/6&Prime;]<h1 class=\"box_header no_border\">L\u2019ORGANISATION DE VOTRE RENDEZ-VOUS<\/h1>[vc_empty_space height=\u00a0\u00bb20 px\u00a0\u00bb]<h3 class=\"box_header\">La prise de rendez-vous<\/h3>[vc_column_text]La prise de rendez-vous se fait de mani\u00e8re pr\u00e9f\u00e9rentielle par t\u00e9l\u00e9phone aux horaires d\u2019ouverture des cabinets (<a href=\"https:\/\/imagerielescedres.fr\/?page_id=2601\">Nous contacter<\/a>). Il est bien s\u00fbr possible de vous d\u00e9placer dans un des centres pour effectuer cette d\u00e9marche. Lors de votre appel t\u00e9l\u00e9phonique ou de votre passage munissez-vous de votre ordonnance. Pour certains examens, la demande devra \u00eatre valid\u00e9e par un des radiologues avant confirmation de votre rendez-vous. Cette demande peut nous \u00eatre adress\u00e9e par fax, courrier ou mail (<a href=\"https:\/\/imagerielescedres.fr\/?page_id=2601\">Nous contacter<\/a>).<br \/>\nN\u2019h\u00e9sitez pas \u00e0 <a href=\"https:\/\/imagerielescedres.fr\/?page_id=2601\">nous contacter<\/a>\u00a0si vous avez des questions.[\/vc_column_text][vc_empty_space height=\u00a0\u00bb20 px\u00a0\u00bb]<h3 class=\"box_header\">Le jour de l'examen<\/h3>[vc_column_text]Pr\u00e9sentez-vous une dizaine de minutes avant l\u2019heure du rendez-vous. N\u2019oubliez pas de venir avec votre carte vitale, vos justificatifs de prise en charge sp\u00e9cifique, l\u2019ordonnance, vos bilans radiographiques ant\u00e9rieurs qui pourraient \u00eatre n\u00e9cessaires au radiologue.[\/vc_column_text][vc_empty_space height=\u00a0\u00bb20 px\u00a0\u00bb]<h3 class=\"box_header\">D\u00e9roulement de l'examen<\/h3>[vc_column_text]Aucune pr\u00e9caution particuli\u00e8re n\u2019est \u00e0 prendre avant la r\u00e9alisation de ces examens. Ce sont des examens courts entre 5 et 15 mn.<br \/>\nIls sont r\u00e9alisables m\u00eame chez les enfants.[\/vc_column_text][vc_empty_space height=\u00a0\u00bb20 px\u00a0\u00bb]<h3 class=\"box_header\">La remise des r\u00e9sultats<\/h3>[vc_column_text]Les r\u00e9sultats seront disponibles dans la majorit\u00e9 des cas au d\u00e9cours de l\u2019examen sauf pour certains examens r\u00e9alis\u00e9s \u00e0 des horaires particuliers (entre 13 et 14 heures) mais la secr\u00e9taire vous le pr\u00e9cisera. Un document papier incluant le compte rendu, un CD Rom pour le scanner et les images vous sera remis ainsi qu\u2019un num\u00e9ro d\u2019identifiant vous permettant de les consulter sur Internet. Si votre m\u00e9decin poss\u00e8de une messagerie internet s\u00e9curis\u00e9e, il recevra par mail le compte rendu.[\/vc_column_text][\/vc_column][\/vc_row][vc_row][vc_column width=\u00a0\u00bb1\/1&Prime;][vc_empty_space height=\u00a0\u00bb20 px\u00a0\u00bb][vc_empty_space height=\u00a0\u00bb20 px\u00a0\u00bb][vc_separator color=\u00a0\u00bbgrey\u00a0\u00bb][vc_empty_space height=\u00a0\u00bb20 px\u00a0\u00bb][vc_empty_space height=\u00a0\u00bb20 px\u00a0\u00bb][\/vc_column][\/vc_row][vc_row][vc_column width=\u00a0\u00bb1\/6&Prime;]<span class=\"features_image\"><img decoding=\"async\" src=\"https:\/\/imagerielescedres.fr\/wp-content\/themes\/medicenter\/images\/icons_large\/yellow\/download.png\"><\/span>[\/vc_column][vc_column width=\u00a0\u00bb5\/6&Prime;]<h1 class=\"box_header no_border\">T\u00c9L\u00c9CHARGEMENTS<\/h1>[vc_empty_space height=\u00a0\u00bb40 px\u00a0\u00bb][vc_accordion top_margin=\u00a0\u00bbnone\u00a0\u00bb active_tab=\u00a0\u00bb0&Prime;][vc_accordion_tab title=\u00a0\u00bbInformation sur les rayons X\u00a0\u00bb tab_id=\u00a0\u00bb1416387004-1-77&Prime;][vc_column_text]Les rayons X sont des rayonnements invisibles capables de traverser le corps humain et qui sont arr\u00eat\u00e9s partiellement par lui. La diff\u00e9rence d\u2019att\u00e9nuation du rayonnement X provoqu\u00e9e par les diff\u00e9rents composants du corps humain (os, graisse, muscles, eau, air, vaisseaux\u2026) permet de cr\u00e9er l\u2019image en radiologie.[\/vc_column_text][vc_button title=\u00a0\u00bbT\u00e9l\u00e9charger la fiche\u00a0\u00bb size=\u00a0\u00bbmedium\u00a0\u00bb target=\u00a0\u00bb_self\u00a0\u00bb icon=\u00a0\u00bbwpb_document_pdf\u00a0\u00bb text_color=\u00a0\u00bb#ffffff\u00a0\u00bb hover_text_color=\u00a0\u00bb#ffffff\u00a0\u00bb color=\u00a0\u00bb#3156a3&Prime; custom_button_color=\u00a0\u00bb#fec110&Prime; hover_color=\u00a0\u00bb#3156a3&Prime; top_margin=\u00a0\u00bbnone\u00a0\u00bb href=\u00a0\u00bbhttp:\/\/www.imagerielescedres.fr\/fiches\/LesRayonsX.pdf\u00a0\u00bb][\/vc_accordion_tab][\/vc_accordion][\/vc_column][\/vc_row]<\/p>\n","protected":false},"excerpt":{"rendered":"<p>[vc_row][vc_column width=\u00a0\u00bb1\/1&Prime;][vc_gallery type=\u00a0\u00bbflexslider_fade\u00a0\u00bb interval=\u00a0\u00bb3&Prime; images=\u00a0\u00bb3081,2965,2966&Prime; onclick=\u00a0\u00bblink_no\u00a0\u00bb custom_links_target=\u00a0\u00bb_self\u00a0\u00bb img_size=\u00a0\u00bbfull\u00a0\u00bb][vc_empty_space height=\u00a0\u00bb20px\u00a0\u00bb][\/vc_column][\/vc_row][vc_row][vc_column width=\u00a0\u00bb1\/6&Prime;][\/vc_column][vc_column width=\u00a0\u00bb5\/6&Prime;][vc_empty_space height=\u00a0\u00bb20 px\u00a0\u00bb][vc_column_text]Nous r\u00e9alisons dans nos cabinets diff\u00e9rents bilans radiologiques dentaires. L\u2019orthopantomogramme ou le panoramique dentaire est un examen demand\u00e9 par votre dentiste afin de faire une analyse globale de l\u2019ensemble des dents ainsi que des os de la m\u00e2choire. Il sera demand\u00e9 pour la<\/p>\n","protected":false},"author":1,"featured_media":0,"parent":0,"menu_order":0,"comment_status":"closed","ping_status":"closed","template":"","meta":{"footnotes":""},"_links":{"self":[{"href":"https:\/\/imagerielescedres.fr\/index.php?rest_route=\/wp\/v2\/pages\/2955"}],"collection":[{"href":"https:\/\/imagerielescedres.fr\/index.php?rest_route=\/wp\/v2\/pages"}],"about":[{"href":"https:\/\/imagerielescedres.fr\/index.php?rest_route=\/wp\/v2\/types\/page"}],"author":[{"embeddable":true,"href":"https:\/\/imagerielescedres.fr\/index.php?rest_route=\/wp\/v2\/users\/1"}],"replies":[{"embeddable":true,"href":"https:\/\/imagerielescedres.fr\/index.php?rest_route=%2Fwp%2Fv2%2Fcomments&post=2955"}],"version-history":[{"count":24,"href":"https:\/\/imagerielescedres.fr\/index.php?rest_route=\/wp\/v2\/pages\/2955\/revisions"}],"predecessor-version":[{"id":3203,"href":"https:\/\/imagerielescedres.fr\/index.php?rest_route=\/wp\/v2\/pages\/2955\/revisions\/3203"}],"wp:attachment":[{"href":"https:\/\/imagerielescedres.fr\/index.php?rest_route=%2Fwp%2Fv2%2Fmedia&parent=2955"}],"curies":[{"name":"wp","href":"https:\/\/api.w.org\/{rel}","templated":true}]}}