{"id":2971,"date":"2014-11-19T11:06:05","date_gmt":"2014-11-19T10:06:05","guid":{"rendered":"http:\/\/imagerielescedres.fr\/?page_id=2971"},"modified":"2015-11-09T09:03:10","modified_gmt":"2015-11-09T08:03:10","slug":"mamographie","status":"publish","type":"page","link":"https:\/\/imagerielescedres.fr\/?page_id=2971","title":{"rendered":"MAMMOGRAPHIE"},"content":{"rendered":"<p>[vc_row][vc_column width=\u00a0\u00bb1\/1&Prime;][vc_gallery type=\u00a0\u00bbflexslider_fade\u00a0\u00bb interval=\u00a0\u00bb3&Prime; images=\u00a0\u00bb2983,3414,2985,2984&Prime; onclick=\u00a0\u00bblink_image\u00a0\u00bb custom_links_target=\u00a0\u00bb_self\u00a0\u00bb img_size=\u00a0\u00bbfull\u00a0\u00bb][vc_empty_space height=\u00a0\u00bb20px\u00a0\u00bb][\/vc_column][\/vc_row][vc_row][vc_column width=\u00a0\u00bb1\/6&Prime;]<span class=\"features_image\"><img decoding=\"async\" src=\"https:\/\/imagerielescedres.fr\/wp-content\/themes\/medicenter\/images\/icons_large\/blue_light\/info.png\"><\/span>[\/vc_column][vc_column width=\u00a0\u00bb5\/6&Prime;]<h1 class=\"box_header no_border\">VOS QUESTIONS SUR l'EXAMEN<\/h1>[vc_empty_space height=\u00a0\u00bb20px\u00a0\u00bb]<h3 class=\"box_header\">De quoi s'agit-il ?<\/h3>[vc_column_text]<\/p>\n<p>Il s&rsquo;agit d&rsquo;un examen utilisant les rayons X et permettant de d\u00e9tecter pr\u00e9cocement les cancers du sein. Tous nos centres sont \u00e9quip\u00e9s de mammographes num\u00e9riques permettant de limiter au minimum l&rsquo;irradiation. La mammographie est prescrite par votre m\u00e9decin g\u00e9n\u00e9raliste ou votre m\u00e9decin gyn\u00e9cologue et peut \u00eatre r\u00e9alis\u00e9e dans le cadre d&rsquo;un d\u00e9pistage individuel ou dans le cadre de la campagne de d\u00e9pistage organis\u00e9e du cancer du sein pour toutes les patientes \u00e2g\u00e9es de 50 \u00e0 74 ans.<\/p>\n<p>[\/vc_column_text][vc_empty_space height=\u00a0\u00bb20px\u00a0\u00bb]<h3 class=\"box_header\">Les Rayons X sont-ils dangereux ?<\/h3>[vc_column_text]La quantit\u00e9 des rayons X utilis\u00e9e dans le domaine m\u00e9dical est tr\u00e8s faible et actuellement aucune preuve n\u2019a \u00e9t\u00e9 montr\u00e9e que les examens d\u2019imagerie diagnostique puissent \u00eatre responsables de la survenue de cancers.\u00a0Le port d\u2019un cache thyroide n\u2019est pas recommand\u00e9.<\/p>\n<p>\u2022 Lors de la mammographie, quelle que soit l\u2019incidence, la glande thyro\u00efde n\u2019est pas directement irradi\u00e9e par le faisceau de rayons: la dose re\u00e7ue par la thyro\u00efde lors d\u2019une mammographie est extr\u00eamement faible et a \u00e9t\u00e9 \u00e9valu\u00e9e \u00e0 0,03 mGy pour 4 incidences, ce qui correspond \u00e0 une dose efficace de 0,0012 mSv, soit l\u2019\u00e9quivalent de <em>5 heures d\u2019irradiation naturelle !<br \/>\n<\/em>\u2022 Le port d\u2019un cache-thyro\u00efde ne modifiera donc pratiquement pas la dose \u00e0 la thyro\u00efde m\u00eame chez les patientes effectuant r\u00e9guli\u00e8rement des mammographies.<br \/>\n\u2022 Par contre, lors de l\u2019incidence oblique, le cache-thyro\u00efde peut se projeter sur le d\u00e9tecteur et g\u00e9n\u00e9rer un artefact emp\u00eachant l\u2019interpr\u00e9tation correcte : il sera n\u00e9cessaire de refaire l\u2019incidence et d\u2019entra\u00eener une irradiation suppl\u00e9mentaire inutile sur le sein.<\/p>\n<p>Nous vous invitons \u00e0 consulter la fiche \u00e9tablie par la Soci\u00e9te Fran\u00e7ais de Radiologie si vous souhaitez approfondir cette question. (<a href=\"http:\/\/www.imagerielescedres.fr\/fiches\/LesRayonsX.pdf\" target=\"_blank\">T\u00e9l\u00e9charger la fiche<\/a>)[\/vc_column_text][\/vc_column][\/vc_row][vc_row][vc_column width=\u00a0\u00bb1\/1&Prime;][vc_empty_space height=\u00a0\u00bb20px\u00a0\u00bb][vc_empty_space height=\u00a0\u00bb20px\u00a0\u00bb][vc_separator color=\u00a0\u00bbgrey\u00a0\u00bb][vc_empty_space height=\u00a0\u00bb20px\u00a0\u00bb][vc_empty_space height=\u00a0\u00bb20px\u00a0\u00bb][\/vc_column][\/vc_row][vc_row][vc_column width=\u00a0\u00bb1\/6&Prime;]<span class=\"features_image\"><img decoding=\"async\" src=\"https:\/\/imagerielescedres.fr\/wp-content\/themes\/medicenter\/images\/icons_large\/turquoise_light\/administration.png\"><\/span>[\/vc_column][vc_column width=\u00a0\u00bb5\/6&Prime;]<h1 class=\"box_header no_border\">L\u2019ORGANISATION DE VOTRE RENDEZ-VOUS<\/h1>[vc_empty_space height=\u00a0\u00bb20px\u00a0\u00bb]<h3 class=\"box_header\">La prise de rendez-vous<\/h3>[vc_column_text]La prise de rendez-vous se fait de mani\u00e8re pr\u00e9f\u00e9rentielle par t\u00e9l\u00e9phone aux horaires d\u2019ouverture des cabinets (<a href=\"https:\/\/imagerielescedres.fr\/?page_id=2601\">nous contacter<\/a>). Il est bien s\u00fbr possible de vous d\u00e9placer dans un des centres pour effectuer cette d\u00e9marche. Lors de votre appel t\u00e9l\u00e9phonique ou de votre passage munissez-vous de votre ordonnance. Vous recevrez 48 heures avant votre RDV un rappel de celui-ci par SMS.<br \/>\nN\u2019h\u00e9sitez pas \u00e0 <a href=\"https:\/\/imagerielescedres.fr\/?page_id=2601\">nous contacter<\/a> si vous avez des questions.[\/vc_column_text][vc_empty_space height=\u00a0\u00bb20px\u00a0\u00bb]<h3 class=\"box_header\">Le jour de l'examen<\/h3>[vc_column_text]Pr\u00e9sentez-vous une dizaine de minutes avant l\u2019heure du rendez-vous.<br \/>\nN\u2019oubliez pas de venir avec votre carte vitale, vos justificatifs de prise en charge sp\u00e9cifique, l\u2019ordonnance, vos bilans mammographiques ant\u00e9rieurs qui pourraient \u00eatre n\u00e9cessaires au radiologue.[\/vc_column_text][vc_empty_space height=\u00a0\u00bb20px\u00a0\u00bb]<h3 class=\"box_header\">D\u00e9roulement de l'examen<\/h3>[vc_column_text]Apr\u00e8s avoir effectu\u00e9 votre dossier d\u2019accueil au secr\u00e9tariat, vous serez dirig\u00e9e vers la salle de mammographie o\u00f9 un manipulateur ou une manipulatrice vous invitera \u00e0 vous mettre torse nu.<br \/>\nL&rsquo;examen s&rsquo;effectue en position debout. Le sein est positionn\u00e9 par le manipulateur entre une plaque d&rsquo;examen et une pelote de compression.<br \/>\nPour une qualit\u00e9 optimale de l&rsquo;image et une irradiation moindre, le sein doit \u00eatre comprim\u00e9. Cette compression peut \u00eatre d\u00e9sagr\u00e9able mais est tr\u00e8s br\u00e8ve.<br \/>\nDeux clich\u00e9s par sein sont r\u00e9alis\u00e9s de fa\u00e7on syst\u00e9matique dans un premier temps mais peuvent \u00eatre compl\u00e9t\u00e9s par d&rsquo;autres clich\u00e9s si n\u00e9cessaire.<br \/>\nLa r\u00e9alisation de ces clich\u00e9s compl\u00e9mentaires et\/ou d&rsquo;une \u00e9chographie ne signi\ufb01e pas forc\u00e9ment qu&rsquo;il existe une anomalie.<br \/>\nL&rsquo;\u00e9chographie mammaire peut ainsi vous \u00eatre propos\u00e9e en fonction de la densit\u00e9 de vos seins ou pour pr\u00e9ciser une image visualis\u00e9e lors de la mammographie.<br \/>\nApr\u00e8s avoir analys\u00e9 votre mammographie, le m\u00e9decin radiologue vous fera un examen clinique et vous donnera par oral le r\u00e9sultat de votre examen.<br \/>\nIl pourra ainsi vous proposer une simple surveillance dont il vous pr\u00e9cisera le rythme (en g\u00e9n\u00e9ral tous les deux ans) ou \u00e9ventuellement si n\u00e9cessaire, vous proposer la r\u00e9alisation d&rsquo;examen compl\u00e9mentaire (biopsie, IRM).[\/vc_column_text][vc_empty_space height=\u00a0\u00bb20px\u00a0\u00bb]<h3 class=\"box_header\">La remise des r\u00e9sultats<\/h3>[vc_column_text]Apr\u00e8s analyse de vos diff\u00e9rents examens, le m\u00e9decin radiologue dictera un compte-rendu qui sera frapp\u00e9 par la secr\u00e9taire. Si vous \u00eates adress\u00e9e dans le cadre d&rsquo;un d\u00e9pistage individuel, vos r\u00e9sultats vous seront remis par la secr\u00e9taire.<br \/>\nSi vous venez dans le cadre de la campagne de d\u00e9pistage, la secr\u00e9taire vous redonnera votre carte vitale juste apr\u00e8s votre entrevue avec le m\u00e9decin radiologue. Vos clich\u00e9s ainsi que votre compte-rendu seront envoy\u00e9s chez vous par l&rsquo;association de d\u00e9pistage apr\u00e8s une deuxi\u00e8me lecture.[\/vc_column_text][\/vc_column][\/vc_row][vc_row][vc_column width=\u00a0\u00bb1\/1&Prime;][vc_empty_space height=\u00a0\u00bb20&Prime;][vc_empty_space height=\u00a0\u00bb20&Prime;][vc_separator color=\u00a0\u00bbgrey\u00a0\u00bb][vc_empty_space height=\u00a0\u00bb20px\u00a0\u00bb][vc_empty_space height=\u00a0\u00bb20px\u00a0\u00bb][\/vc_column][\/vc_row][vc_row][vc_column width=\u00a0\u00bb1\/6&Prime;]<span class=\"features_image\"><img decoding=\"async\" src=\"https:\/\/imagerielescedres.fr\/wp-content\/themes\/medicenter\/images\/icons_large\/red_light\/first_aid.png\"><\/span>[\/vc_column][vc_column width=\u00a0\u00bb5\/6&Prime;]<h1 class=\"box_header no_border\">LE D\u00c9PISTAGE ORGANIS\u00c9<\/h1>[vc_empty_space height=\u00a0\u00bb20px\u00a0\u00bb][vc_column_text]Dans l&rsquo;Ille et Vilaine, il est organis\u00e9 par l&rsquo;association ADECI 35 et dans les C\u00f4tes d&rsquo;Armor par l&rsquo;association ADEC ARMOR.<br \/>\nIl s&rsquo;adresse aux femmes entre 50 et 74 ans sans ant\u00e9c\u00e9dent s\u00e9nologique particulier.<br \/>\nD\u00e8s 50 ans, et ceci tous les deux ans, vous recevrez chez vous un courrier d&rsquo;invitation pour r\u00e9aliser une mammographie.<br \/>\nIl suffit de cette invitation pour participer \u00e0 cette campagne.<br \/>\nPour r\u00e9aliser une mammographie, il suffit de prendre un rendez-vous\u00a0dans un centre agr\u00e9\u00e9.<br \/>\nLe jour de votre rendez-vous, n&rsquo;oubliez pas d&rsquo;apporter le courrier d&rsquo;invitation (\u00e9tiquettes) pour b\u00e9n\u00e9\ufb01cier d&rsquo;une prise en charge \u00e0 100% ainsi que votre derni\u00e8re mammographie.<br \/>\nApr\u00e8s la r\u00e9alisation de votre mammographie par le manipulateur, le m\u00e9decin radiologue analysera votre examen et effectuera un examen clinique. Il vous donnera oralement les r\u00e9sultats.<br \/>\nLes clich\u00e9s sont ensuite adress\u00e9s \u00e0 la structure de d\u00e9pistage pour une deuxi\u00e8me lecture.<br \/>\nIls vous seront adress\u00e9s par courrier \u00e0 votre domicile sous une quinzaine de jours.<br \/>\nUn double du compte-rendu sera adress\u00e9 \u00e0 votre m\u00e9decin r\u00e9f\u00e9rent et\/ou \u00e0 votre gyn\u00e9cologue.[\/vc_column_text][\/vc_column][\/vc_row][vc_row][vc_column width=\u00a0\u00bb1\/1&Prime;][vc_empty_space height=\u00a0\u00bb20px\u00a0\u00bb][vc_empty_space height=\u00a0\u00bb20px\u00a0\u00bb][vc_separator color=\u00a0\u00bbgrey\u00a0\u00bb][vc_empty_space height=\u00a0\u00bb20px\u00a0\u00bb][vc_empty_space height=\u00a0\u00bb20px\u00a0\u00bb][\/vc_column][\/vc_row][vc_row][vc_column width=\u00a0\u00bb1\/6&Prime;]<span class=\"features_image\"><img decoding=\"async\" src=\"https:\/\/imagerielescedres.fr\/wp-content\/themes\/medicenter\/images\/icons_large\/yellow\/download.png\"><\/span>[\/vc_column][vc_column width=\u00a0\u00bb5\/6&Prime;]<h1 class=\"box_header no_border\">T\u00c9L\u00c9CHARGEMENTS<\/h1>[vc_empty_space height=\u00a0\u00bb40px\u00a0\u00bb]<h3 class=\"box_header\">INFORMATION G\u00c9N\u00c9RALE<\/h3>[vc_empty_space height=\u00a0\u00bb20px\u00a0\u00bb][vc_accordion top_margin=\u00a0\u00bbnone\u00a0\u00bb active_tab=\u00a0\u00bb0&Prime;][vc_accordion_tab title=\u00a0\u00bbInformation sur les produits de contraste\u00a0\u00bb tab_id=\u00a0\u00bb1416413880-1-26&Prime;][vc_column_text]<\/p>\n<p>C\u2019est une substance injectable ou ing\u00e9rable qui am\u00e9liore la visualisation des organes explor\u00e9s. Il existe plusieurs cat\u00e9gories de produits de contraste.<\/p>\n<p>[\/vc_column_text][vc_button title=\u00a0\u00bbT\u00e9l\u00e9charger la fiche\u00a0\u00bb size=\u00a0\u00bbmedium\u00a0\u00bb target=\u00a0\u00bb_blank\u00a0\u00bb icon=\u00a0\u00bbwpb_document_pdf\u00a0\u00bb text_color=\u00a0\u00bb#ffffff\u00a0\u00bb hover_text_color=\u00a0\u00bb#ffffff\u00a0\u00bb color=\u00a0\u00bb#3156a3&Prime; hover_color=\u00a0\u00bb#3156a3&Prime; top_margin=\u00a0\u00bbnone\u00a0\u00bb href=\u00a0\u00bbhttp:\/\/www.imagerielescedres.fr\/fiches\/Lesproduitsde contraste.pdf\u00a0\u00bb custom_button_color=\u00a0\u00bb#fec110&Prime;][\/vc_accordion_tab][vc_accordion_tab title=\u00a0\u00bbInformation sur les rayons X\u00a0\u00bb tab_id=\u00a0\u00bb1416413880-2-90&Prime;][vc_column_text]<\/p>\n<p>Les rayons X sont des rayonnements invisibles capables de traverser le corps humain et qui sont arr\u00eat\u00e9s partiellement par lui. La diff\u00e9rence d\u2019att\u00e9nuation du rayonnement X provoqu\u00e9e par les diff\u00e9rents composants du corps humain (os, graisse, muscles, eau, air, vaisseaux\u2026) permet de cr\u00e9er l\u2019image en radiologie.<\/p>\n<p>[\/vc_column_text][vc_button title=\u00a0\u00bbT\u00e9l\u00e9charger la fiche\u00a0\u00bb size=\u00a0\u00bbmedium\u00a0\u00bb target=\u00a0\u00bb_blank\u00a0\u00bb icon=\u00a0\u00bbwpb_document_pdf\u00a0\u00bb text_color=\u00a0\u00bb#ffffff\u00a0\u00bb hover_text_color=\u00a0\u00bb#ffffff\u00a0\u00bb color=\u00a0\u00bb#3156a3&Prime; hover_color=\u00a0\u00bb#3156a3&Prime; top_margin=\u00a0\u00bbnone\u00a0\u00bb href=\u00a0\u00bbhttp:\/\/www.imagerielescedres.fr\/fiches\/LesRayonsX.pdf\u00a0\u00bb custom_button_color=\u00a0\u00bb#fec110&Prime;][\/vc_accordion_tab][\/vc_accordion][vc_empty_space height=\u00a0\u00bb20px\u00a0\u00bb][vc_empty_space height=\u00a0\u00bb20px\u00a0\u00bb][vc_empty_space height=\u00a0\u00bb20px\u00a0\u00bb]<h3 class=\"box_header\">INFORMATION SUR VOTRE EXAMEN ET LETTRE DE CONSENTEMENT<\/h3>[vc_empty_space height=\u00a0\u00bb20px\u00a0\u00bb][vc_accordion top_margin=\u00a0\u00bbnone\u00a0\u00bb active_tab=\u00a0\u00bb0&Prime;][vc_accordion_tab title=\u00a0\u00bbMammographie\u00a0\u00bb tab_id=\u00a0\u00bb1416922211-1-11&Prime;][vc_column_text]<\/p>\n<p class=\"PreformattedText\"><span lang=\"FR\">Il s&rsquo;agit d&rsquo;un examen utilisant les rayons X et permettant de d\u00e9tecter pr\u00e9cocement les cancers du\u00a0<\/span>sein. Tous nos centres sont \u00e9quip\u00e9s de mammographes num\u00e9riques permettant de limiter au minimum l&rsquo;irradiation.<\/p>\n<p>[\/vc_column_text][vc_button title=\u00a0\u00bbT\u00e9l\u00e9charger la fiche\u00a0\u00bb size=\u00a0\u00bbmedium\u00a0\u00bb target=\u00a0\u00bb_blank\u00a0\u00bb icon=\u00a0\u00bbwpb_document_pdf\u00a0\u00bb text_color=\u00a0\u00bb#ffffff\u00a0\u00bb hover_text_color=\u00a0\u00bb#ffffff\u00a0\u00bb color=\u00a0\u00bb#3156a3&Prime; hover_color=\u00a0\u00bb#3156a3&Prime; top_margin=\u00a0\u00bbnone\u00a0\u00bb href=\u00a0\u00bbhttp:\/\/www.imagerielescedres.fr\/fiches\/Mammographie.pdf\u00a0\u00bb custom_button_color=\u00a0\u00bb#fec110&Prime;][\/vc_accordion_tab][\/vc_accordion][\/vc_column][\/vc_row]<\/p>\n","protected":false},"excerpt":{"rendered":"<p>[vc_row][vc_column width=\u00a0\u00bb1\/1&Prime;][vc_gallery type=\u00a0\u00bbflexslider_fade\u00a0\u00bb interval=\u00a0\u00bb3&Prime; images=\u00a0\u00bb2983,3414,2985,2984&Prime; onclick=\u00a0\u00bblink_image\u00a0\u00bb custom_links_target=\u00a0\u00bb_self\u00a0\u00bb img_size=\u00a0\u00bbfull\u00a0\u00bb][vc_empty_space height=\u00a0\u00bb20px\u00a0\u00bb][\/vc_column][\/vc_row][vc_row][vc_column width=\u00a0\u00bb1\/6&Prime;][\/vc_column][vc_column width=\u00a0\u00bb5\/6&Prime;][vc_empty_space height=\u00a0\u00bb20px\u00a0\u00bb][vc_column_text] Il s&rsquo;agit d&rsquo;un examen utilisant les rayons X et permettant de d\u00e9tecter pr\u00e9cocement les cancers du sein. Tous nos centres sont \u00e9quip\u00e9s de mammographes num\u00e9riques permettant de limiter au minimum l&rsquo;irradiation. La mammographie est prescrite par votre m\u00e9decin g\u00e9n\u00e9raliste ou votre m\u00e9decin gyn\u00e9cologue<\/p>\n","protected":false},"author":1,"featured_media":0,"parent":0,"menu_order":0,"comment_status":"closed","ping_status":"closed","template":"","meta":{"footnotes":""},"_links":{"self":[{"href":"https:\/\/imagerielescedres.fr\/index.php?rest_route=\/wp\/v2\/pages\/2971"}],"collection":[{"href":"https:\/\/imagerielescedres.fr\/index.php?rest_route=\/wp\/v2\/pages"}],"about":[{"href":"https:\/\/imagerielescedres.fr\/index.php?rest_route=\/wp\/v2\/types\/page"}],"author":[{"embeddable":true,"href":"https:\/\/imagerielescedres.fr\/index.php?rest_route=\/wp\/v2\/users\/1"}],"replies":[{"embeddable":true,"href":"https:\/\/imagerielescedres.fr\/index.php?rest_route=%2Fwp%2Fv2%2Fcomments&post=2971"}],"version-history":[{"count":39,"href":"https:\/\/imagerielescedres.fr\/index.php?rest_route=\/wp\/v2\/pages\/2971\/revisions"}],"predecessor-version":[{"id":3439,"href":"https:\/\/imagerielescedres.fr\/index.php?rest_route=\/wp\/v2\/pages\/2971\/revisions\/3439"}],"wp:attachment":[{"href":"https:\/\/imagerielescedres.fr\/index.php?rest_route=%2Fwp%2Fv2%2Fmedia&parent=2971"}],"curies":[{"name":"wp","href":"https:\/\/api.w.org\/{rel}","templated":true}]}}