{"id":2991,"date":"2014-11-19T17:33:23","date_gmt":"2014-11-19T16:33:23","guid":{"rendered":"http:\/\/imagerielescedres.fr\/?page_id=2991"},"modified":"2014-11-28T15:08:12","modified_gmt":"2014-11-28T14:08:12","slug":"ecographie","status":"publish","type":"page","link":"https:\/\/imagerielescedres.fr\/?page_id=2991","title":{"rendered":"\u00c9CHOGRAPHIE"},"content":{"rendered":"<p>[vc_row][vc_column width=\u00a0\u00bb1\/1&Prime;][vc_gallery type=\u00a0\u00bbflexslider_fade\u00a0\u00bb interval=\u00a0\u00bb3&Prime; images=\u00a0\u00bb3003,3004,3002&Prime; onclick=\u00a0\u00bblink_image\u00a0\u00bb custom_links_target=\u00a0\u00bb_self\u00a0\u00bb img_size=\u00a0\u00bbfull\u00a0\u00bb][vc_empty_space height=\u00a0\u00bb20px\u00a0\u00bb][\/vc_column][\/vc_row][vc_row][vc_column width=\u00a0\u00bb1\/6&Prime;]<span class=\"features_image\"><img decoding=\"async\" src=\"https:\/\/imagerielescedres.fr\/wp-content\/themes\/medicenter\/images\/icons_large\/blue_light\/info.png\"><\/span>[\/vc_column][vc_column width=\u00a0\u00bb5\/6&Prime;]<h1 class=\"box_header no_border\">VOS QUESTIONS SUR l'EXAMEN<\/h1>[vc_empty_space height=\u00a0\u00bb20px\u00a0\u00bb]<h3 class=\"box_header\">De quoi s'agit-il ?<\/h3>[vc_column_text]L\u2019\u00e9chographie utilise des ultrasons \u00e9mis par une sonde et transmis dans les tissus qui les r\u00e9fl\u00e9chissent pour former une image de la r\u00e9gion examin\u00e9e. Elle peut \u00eatre coupl\u00e9e \u00e0 une sorte de radar pour l\u2019\u00e9tude des vaisseaux (doppler).[\/vc_column_text][vc_empty_space height=\u00a0\u00bb20px\u00a0\u00bb]<h3 class=\"box_header\">Y a-t-il des pr\u00e9cautions \u00e0 prendre en cas d'utilisation d'un produit de contraste<\/h3>[vc_column_text]Si l\u2019examen n\u00e9cessite l\u2019utilisation d\u2019un produit de contraste (\u00e0 base de microbulles) un certain nombre de pr\u00e9cautions seront n\u00e9cessaires \u00e0 prendre avant l\u2019examen. Celles-ci sont pr\u00e9cis\u00e9es dans la fiche d\u2019informations que vous devrez nous remettre le jour de l\u2019examen et\u00a0t\u00e9l\u00e9chargeable ci-dessous dans la rubrique \u00ab\u00a0T\u00c9L\u00c9CHARGEMENTS\u00a0\u00bb.[\/vc_column_text][\/vc_column][\/vc_row][vc_row][vc_column width=\u00a0\u00bb1\/1&Prime;][vc_empty_space height=\u00a0\u00bb20px\u00a0\u00bb][vc_empty_space height=\u00a0\u00bb20px\u00a0\u00bb][vc_separator color=\u00a0\u00bbgrey\u00a0\u00bb][vc_empty_space height=\u00a0\u00bb20px\u00a0\u00bb][vc_empty_space height=\u00a0\u00bb20px\u00a0\u00bb][\/vc_column][\/vc_row][vc_row][vc_column width=\u00a0\u00bb1\/6&Prime;]<span class=\"features_image\"><img decoding=\"async\" src=\"https:\/\/imagerielescedres.fr\/wp-content\/themes\/medicenter\/images\/icons_large\/turquoise_light\/administration.png\"><\/span>[\/vc_column][vc_column width=\u00a0\u00bb5\/6&Prime;]<h1 class=\"box_header no_border\">L\u2019ORGANISATION DE VOTRE RENDEZ-VOUS<\/h1>[vc_empty_space height=\u00a0\u00bb20px\u00a0\u00bb]<h3 class=\"box_header\">La prise de rendez-vous<\/h3>[vc_column_text]La prise de rendez-vous se fait de mani\u00e8re pr\u00e9f\u00e9rentielle par t\u00e9l\u00e9phone aux horaires d\u2019ouverture des cabinets (<a href=\"https:\/\/imagerielescedres.fr\/?page_id=2601\">nous contacter<\/a>). Il est bien s\u00fbr possible de vous d\u00e9placer dans un des centres pour effectuer cette d\u00e9marche. Lors de votre appel t\u00e9l\u00e9phonique ou de votre passage munissez-vous de votre ordonnance. Pour certains examens, la demande devra \u00eatre valid\u00e9e par un des radiologues avant confirmation de votre rendez-vous. Cette demande peut nous \u00eatre adress\u00e9e par fax, courrier ou mail (<a href=\"https:\/\/imagerielescedres.fr\/?page_id=2601\">nous contacter<\/a>).<br \/>\nN\u2019h\u00e9sitez pas \u00e0 nous contacter si vous avez des questions.[\/vc_column_text][vc_empty_space height=\u00a0\u00bb20px\u00a0\u00bb]<h3 class=\"box_header\">Le jour de l'examen<\/h3>[vc_column_text]Pr\u00e9sentez-vous une dizaine de minutes avant l\u2019heure du rendez-vous. N\u2019oubliez pas de venir avec votre carte vitale, vos justificatifs de prise en charge sp\u00e9cifique, l\u2019ordonnance, vos bilans radiographiques ant\u00e9rieurs qui pourraient \u00eatre n\u00e9cessaires au radiologue ainsi que la lettre d\u2019information et de consentement dat\u00e9e et sign\u00e9e.<\/p>\n<p><em><strong>Echographie abdominale<\/strong><\/em><br \/>\nVous devez \u00eatre \u00e0 jeun depuis 3 heures avant votre rendez-vous, mais vous devez prendre normalement vos m\u00e9dicaments habituels. L\u2019exploration n\u00e9cessitera souvent de suspendre la respiration pendant quelques secondes.<\/p>\n<p><em><strong>Echographie pelvienne<\/strong><\/em><br \/>\nIl vous est souvent demand\u00e9 de vous pr\u00e9senter vessie pleine ; dans ce cas, n\u2019urinez pas pendant 3\u00a0heures avant l\u2019examen ou si vous avez urin\u00e9, buvez 4 verres d\u2019eau 1 heure avant.<\/p>\n<p>Pour \u00eatre en contact imm\u00e9diat avec la r\u00e9gion examin\u00e9e et am\u00e9liorer la qualit\u00e9 des images, on peut vous proposer de placer une sonde recouverte d\u2019une protection st\u00e9rile dans le rectum ou le vagin. L\u2019introduction de la sonde peut rarement \u00eatre responsable d\u2019un malaise transitoire et sans gravit\u00e9.[\/vc_column_text][vc_empty_space height=\u00a0\u00bb20px\u00a0\u00bb]<h3 class=\"box_header\">D\u00e9roulement de l'examen<\/h3>[vc_column_text]Vous serez allong\u00e9 ou assis dans une pi\u00e8ce sombre pour faciliter la lecture des images.\u00a0Un gel sera appliqu\u00e9 sur la peau pour permettre la transmission des ultrasons. L\u2019examen fournit des images en mouvement, contr\u00f4l\u00e9es sur un \u00e9cran.<\/p>\n<p>Dans la tr\u00e8s grande majorit\u00e9 des cas, l\u2019examen est r\u00e9alis\u00e9 sans injection (piq\u00fbre).<br \/>\nL\u2019injection intra-veineuse d\u2019un produit \u00e0 base de microbulles est n\u00e9anmoins possible (\u00e9chographie de contraste). Au moment de l\u2019injection, de rares sensations, de froid par exemple, peuvent \u00eatre ressenties au point d\u2019injection ou le long de la veine. Aucune complication s\u00e9rieuse propre au produit n\u2019est, semble-t-il, connue.<\/p>\n<p>Dans le cas de l\u2019hyst\u00e9rosonographie, on injectera dans la cavit\u00e9 ut\u00e9rine via un petit cath\u00e9ter dispos\u00e9 au niveau du col ut\u00e9rin, quelques millilitres d\u2019eau afin de bien visualiser l\u2019int\u00e9rieur de l\u2019ut\u00e9rus.\u00a0(<a href=\"http:\/\/www.imagerielescedres.fr\/fiches\/Hysterosonographie.pdf\" target=\"_blank\">T\u00e9l\u00e9charger la fiche<\/a>)[\/vc_column_text][vc_empty_space height=\u00a0\u00bb20px\u00a0\u00bb]<h3 class=\"box_header\">La remise des r\u00e9sultats<\/h3>[vc_column_text]Les r\u00e9sultats seront disponibles dans la majorit\u00e9 des cas au d\u00e9cours de l\u2019examen.<br \/>\nUn document papier incluant le compte rendu et les images vous sera remis ainsi qu\u2019un num\u00e9ro d\u2019identifiant vous permettant de les consulter sur Internet.<br \/>\nSi votre m\u00e9decin poss\u00e8de une messagerie Internet s\u00e9curis\u00e9e, il recevra par mail le compte rendu.[\/vc_column_text][\/vc_column][\/vc_row][vc_row][vc_column width=\u00a0\u00bb1\/1&Prime;][vc_empty_space height=\u00a0\u00bb20px\u00a0\u00bb][vc_empty_space height=\u00a0\u00bb20px\u00a0\u00bb][vc_separator color=\u00a0\u00bbgrey\u00a0\u00bb][vc_empty_space height=\u00a0\u00bb20px\u00a0\u00bb][vc_empty_space height=\u00a0\u00bb20px\u00a0\u00bb][\/vc_column][\/vc_row][vc_row][vc_column width=\u00a0\u00bb1\/6&Prime;]<span class=\"features_image\"><img decoding=\"async\" src=\"https:\/\/imagerielescedres.fr\/wp-content\/themes\/medicenter\/images\/icons_large\/yellow\/download.png\"><\/span>[\/vc_column][vc_column width=\u00a0\u00bb5\/6&Prime;]<h1 class=\"box_header no_border\">T\u00c9L\u00c9CHARGEMENTS<\/h1>[vc_empty_space height=\u00a0\u00bb40px\u00a0\u00bb]<h3 class=\"box_header\">INFORMATION SUR VOTRE EXAMEN ET LETTRE DE CONSENTEMENT<\/h3>[vc_empty_space height=\u00a0\u00bb20px\u00a0\u00bb][vc_accordion top_margin=\u00a0\u00bbnone\u00a0\u00bb active_tab=\u00a0\u00bb0&Prime;][vc_accordion_tab title=\u00a0\u00bbHyst\u00e9rosonographie\u00a0\u00bb tab_id=\u00a0\u00bb1416416075-1-46&Prime;][vc_column_text]C\u2019est une \u00e9chographie de l\u2019ut\u00e9rus. Elle consiste \u00e0 introduire un produit dans la cavit\u00e9 ut\u00e9rine en passant par le vagin et le col ut\u00e9rin et \u00e0 faire ensuite des images \u00e9chographiques.[\/vc_column_text][vc_button title=\u00a0\u00bbT\u00e9l\u00e9charger la fiche\u00a0\u00bb size=\u00a0\u00bbmedium\u00a0\u00bb target=\u00a0\u00bb_blank\u00a0\u00bb icon=\u00a0\u00bbwpb_document_pdf\u00a0\u00bb text_color=\u00a0\u00bb#ffffff\u00a0\u00bb hover_text_color=\u00a0\u00bb#ffffff\u00a0\u00bb color=\u00a0\u00bb#3156a3&Prime; custom_button_color=\u00a0\u00bb#fec110&Prime; hover_color=\u00a0\u00bb#3156a3&Prime; top_margin=\u00a0\u00bbnone\u00a0\u00bb href=\u00a0\u00bbhttp:\/\/www.imagerielescedres.fr\/fiches\/Hysterosonographie.pdf\u00a0\u00bb][\/vc_accordion_tab][\/vc_accordion][\/vc_column][\/vc_row]<\/p>\n","protected":false},"excerpt":{"rendered":"<p>[vc_row][vc_column width=\u00a0\u00bb1\/1&Prime;][vc_gallery type=\u00a0\u00bbflexslider_fade\u00a0\u00bb interval=\u00a0\u00bb3&Prime; images=\u00a0\u00bb3003,3004,3002&Prime; onclick=\u00a0\u00bblink_image\u00a0\u00bb custom_links_target=\u00a0\u00bb_self\u00a0\u00bb img_size=\u00a0\u00bbfull\u00a0\u00bb][vc_empty_space height=\u00a0\u00bb20px\u00a0\u00bb][\/vc_column][\/vc_row][vc_row][vc_column width=\u00a0\u00bb1\/6&Prime;][\/vc_column][vc_column width=\u00a0\u00bb5\/6&Prime;][vc_empty_space height=\u00a0\u00bb20px\u00a0\u00bb][vc_column_text]L\u2019\u00e9chographie utilise des ultrasons \u00e9mis par une sonde et transmis dans les tissus qui les r\u00e9fl\u00e9chissent pour former une image de la r\u00e9gion examin\u00e9e. Elle peut \u00eatre coupl\u00e9e \u00e0 une sorte de radar pour l\u2019\u00e9tude des vaisseaux (doppler).[\/vc_column_text][vc_empty_space height=\u00a0\u00bb20px\u00a0\u00bb][vc_column_text]Si l\u2019examen n\u00e9cessite l\u2019utilisation d\u2019un produit<\/p>\n","protected":false},"author":1,"featured_media":0,"parent":0,"menu_order":0,"comment_status":"closed","ping_status":"closed","template":"","meta":{"footnotes":""},"_links":{"self":[{"href":"https:\/\/imagerielescedres.fr\/index.php?rest_route=\/wp\/v2\/pages\/2991"}],"collection":[{"href":"https:\/\/imagerielescedres.fr\/index.php?rest_route=\/wp\/v2\/pages"}],"about":[{"href":"https:\/\/imagerielescedres.fr\/index.php?rest_route=\/wp\/v2\/types\/page"}],"author":[{"embeddable":true,"href":"https:\/\/imagerielescedres.fr\/index.php?rest_route=\/wp\/v2\/users\/1"}],"replies":[{"embeddable":true,"href":"https:\/\/imagerielescedres.fr\/index.php?rest_route=%2Fwp%2Fv2%2Fcomments&post=2991"}],"version-history":[{"count":23,"href":"https:\/\/imagerielescedres.fr\/index.php?rest_route=\/wp\/v2\/pages\/2991\/revisions"}],"predecessor-version":[{"id":3287,"href":"https:\/\/imagerielescedres.fr\/index.php?rest_route=\/wp\/v2\/pages\/2991\/revisions\/3287"}],"wp:attachment":[{"href":"https:\/\/imagerielescedres.fr\/index.php?rest_route=%2Fwp%2Fv2%2Fmedia&parent=2991"}],"curies":[{"name":"wp","href":"https:\/\/api.w.org\/{rel}","templated":true}]}}