{"id":3307,"date":"2014-12-08T14:14:23","date_gmt":"2014-12-08T13:14:23","guid":{"rendered":"http:\/\/imagerielescedres.fr\/?page_id=3307"},"modified":"2021-01-26T15:27:07","modified_gmt":"2021-01-26T14:27:07","slug":"irm-2","status":"publish","type":"page","link":"https:\/\/imagerielescedres.fr\/?page_id=3307","title":{"rendered":"IRM"},"content":{"rendered":"<p>[vc_row][vc_column][vc_empty_space][vc_gallery interval=\u00a0\u00bb3&Prime; images=\u00a0\u00bb3343,3345,3342,3344,3341&Prime; img_size=\u00a0\u00bbfull\u00a0\u00bb][vc_empty_space][\/vc_column][\/vc_row][vc_row][vc_column][vc_empty_space height=\u00a0\u00bb20 px\u00a0\u00bb]<h3 class=\"box_header\">L'IRM<\/h3>[vc_column_text]<\/p>\n<p style=\"text-align: justify;\">Le Centre d\u2019Imagerie M\u00e9dicale Les C\u00e8dres dispose de trois IRM partag\u00e9es avec le Centre Hospitalier de St Malo dans le cadre d\u2019un Groupement de Coop\u00e9ration Sanitaire (GCS). En fonction de la disponibilit\u00e9 et\/ou du type d\u2019examen votre rendez-vous aura lieu sur un des deux centres. Les manipulateurs, les secr\u00e9taires et les radiologues du Centre d\u2019Imagerie seront \u00e0 votre\u00a0\u00e9coute pour la prise en charge et la r\u00e9alisation de vos principaux examens d\u2019IRM.<br \/>\nUne des IRM est situ\u00e9e dans le m\u00eame b\u00e2timent que celui du scanner et de la scintigraphie au Centre Hospitalier Broussais, la seconde se trouve au rez-de-chauss\u00e9e du Centre d\u2019Imagerie M\u00e9dicale de La D\u00e9couverte et la troisi\u00e8me sur le site de la Clinique de la C\u00f4te d&rsquo;Emeraude sous l&#8217;emplacement du scanner.<br \/>\nIl est possible de solliciter une demande de rendez-vous directement aupr\u00e8s du secr\u00e9tariat, de nous t\u00e9l\u00e9phoner ou d\u2019adresser votre demande par courrier \u00e9lectronique (<a href=\"https:\/\/imagerielescedres.fr\/?page_id=2601\">Contactez-nous<\/a>).<\/p>\n<p>[\/vc_column_text][vc_empty_space height=\u00a0\u00bb20 px\u00a0\u00bb]<h3 class=\"box_header\">Informations pratiques<\/h3>[vc_column_text]<\/p>\n<p style=\"text-align: justify;\">Il existe un certain nombre de places de parking situ\u00e9es \u00e0 proximit\u00e9 de chaque centre. L\u2019acc\u00e8s est pr\u00e9vu pour les patients \u00e0 mobilit\u00e9 r\u00e9duite (acc\u00e8s de plain-pied).\u00a0Pour bien pr\u00e9parer votre rendez-vous nous vous conseillons de consulter la rubrique \u00ab\u00a0<a href=\"https:\/\/imagerielescedres.fr\/?page_id=2824\">Votre rendez-vous\u00a0<\/a>\u00bb afin de ne rien oublier lors de votre venue.<br \/>\n<strong>Pour les vacations du soir, du fait de l\u2019absence de secr\u00e9taire, nous vous demanderons de pr\u00e9parer un r\u00e8glement par ch\u00e8que de votre examen.<\/strong><br \/>\nVous pourrez consulter votre r\u00e9sultat d\u2019examen \u00e0 partir de votre <a href=\"#\">Espace Patient<\/a>.<\/p>\n<p>[\/vc_column_text][\/vc_column][\/vc_row][vc_row][vc_column width=\u00a0\u00bb1\/4&Prime;][vc_empty_space height=\u00a0\u00bb20 px\u00a0\u00bb]<h3 class=\"box_header\">Coordonn\u00e9es<\/h3>[vc_column_text]<strong>Centre de la D\u00e9couverte<\/strong><br \/>\n<strong> Service IRM<\/strong><br \/>\n70, avenue du G\u00e9n\u00e9ral de Gaulle<br \/>\n35400 SAINT-MALO<br \/>\nT\u00e9l. : 02 23 52 20 01<br \/>\nFax : 02 99 16 70 11[\/vc_column_text][vc_column_text]<strong>Centre Hospitalier de St Malo<br \/>\nService IRM<\/strong><br \/>\n1, rue de la Marne<br \/>\n35400 SAINT-MALO<br \/>\nT\u00e9l. : 02 23 52 20 01<br \/>\nFax : 02 99 16 70 11[\/vc_column_text][\/vc_column][vc_column width=\u00a0\u00bb1\/2&Prime;][vc_empty_space height=\u00a0\u00bb48px\u00a0\u00bb][vc_column_text]<strong>Clinique de la C\u00f4te d&rsquo;Emeraude<\/strong><br \/>\n<strong> Service IRM<\/strong><br \/>\n1, rue de la Maison Neuve<br \/>\n35400 SAINT-MALO<br \/>\nT\u00e9l. : 02 23 52 20 01<br \/>\nFax : 02 99 16 70 11[\/vc_column_text][\/vc_column][vc_column width=\u00a0\u00bb1\/4&Prime;][\/vc_column][\/vc_row][vc_row][vc_column width=\u00a0\u00bb1\/4&Prime;][vc_empty_space height=\u00a0\u00bb20 px\u00a0\u00bb]<h3 class=\"box_header\">Horaires<\/h3>[vc_column_text]<strong>Centre de la D\u00e9couverte &#8211;\u00a0Service IRM<\/strong><br \/>\n\u2022 Lundi, Mardi, Mercredi et Vendredi : 8h-19h<br \/>\n\u2022 Jeudi : 8h-13h40<br \/>\n\u2022 Samedi : 8h-13h<\/p>\n<p><strong>Centre Hospitalier de St Malo &#8211;\u00a0Service IRM<\/strong><br \/>\n\u2022 Lundi, Mercredi : de 18h40 \u00e0 22h20<br \/>\n\u2022 Mardi, Jeudi et Vendredi : 14h \u00e0 19h[\/vc_column_text][\/vc_column][vc_column width=\u00a0\u00bb1\/2&Prime;][vc_empty_space height=\u00a0\u00bb48px\u00a0\u00bb][vc_column_text]<strong>Clinique de la C\u00f4te d&rsquo;Emeraude<\/strong><br \/>\n<strong> Service IRM<\/strong><br \/>\nLundi, Mardi, Mercredi, Jeudi, Vendredi<br \/>\n8h-19h[\/vc_column_text][\/vc_column][vc_column width=\u00a0\u00bb1\/4&Prime;][\/vc_column][\/vc_row]<\/p>\n","protected":false},"excerpt":{"rendered":"<p>[vc_row][vc_column][vc_empty_space][vc_gallery interval=\u00a0\u00bb3&Prime; images=\u00a0\u00bb3343,3345,3342,3344,3341&Prime; img_size=\u00a0\u00bbfull\u00a0\u00bb][vc_empty_space][\/vc_column][\/vc_row][vc_row][vc_column][vc_empty_space height=\u00a0\u00bb20 px\u00a0\u00bb][vc_column_text] Le Centre d\u2019Imagerie M\u00e9dicale Les C\u00e8dres dispose de trois IRM partag\u00e9es avec le Centre Hospitalier de St Malo dans le cadre d\u2019un Groupement de Coop\u00e9ration Sanitaire (GCS). En fonction de la disponibilit\u00e9 et\/ou du type d\u2019examen votre rendez-vous aura lieu sur un des deux centres. Les manipulateurs, les secr\u00e9taires<\/p>\n","protected":false},"author":1,"featured_media":0,"parent":0,"menu_order":0,"comment_status":"closed","ping_status":"closed","template":"","meta":{"footnotes":""},"_links":{"self":[{"href":"https:\/\/imagerielescedres.fr\/index.php?rest_route=\/wp\/v2\/pages\/3307"}],"collection":[{"href":"https:\/\/imagerielescedres.fr\/index.php?rest_route=\/wp\/v2\/pages"}],"about":[{"href":"https:\/\/imagerielescedres.fr\/index.php?rest_route=\/wp\/v2\/types\/page"}],"author":[{"embeddable":true,"href":"https:\/\/imagerielescedres.fr\/index.php?rest_route=\/wp\/v2\/users\/1"}],"replies":[{"embeddable":true,"href":"https:\/\/imagerielescedres.fr\/index.php?rest_route=%2Fwp%2Fv2%2Fcomments&post=3307"}],"version-history":[{"count":30,"href":"https:\/\/imagerielescedres.fr\/index.php?rest_route=\/wp\/v2\/pages\/3307\/revisions"}],"predecessor-version":[{"id":3625,"href":"https:\/\/imagerielescedres.fr\/index.php?rest_route=\/wp\/v2\/pages\/3307\/revisions\/3625"}],"wp:attachment":[{"href":"https:\/\/imagerielescedres.fr\/index.php?rest_route=%2Fwp%2Fv2%2Fmedia&parent=3307"}],"curies":[{"name":"wp","href":"https:\/\/api.w.org\/{rel}","templated":true}]}}