{"id":3310,"date":"2014-12-08T14:20:31","date_gmt":"2014-12-08T13:20:31","guid":{"rendered":"http:\/\/imagerielescedres.fr\/?page_id=3310"},"modified":"2021-01-26T15:27:36","modified_gmt":"2021-01-26T14:27:36","slug":"scanner","status":"publish","type":"page","link":"https:\/\/imagerielescedres.fr\/?page_id=3310","title":{"rendered":"SCANNER"},"content":{"rendered":"<p>[vc_row][vc_column][vc_empty_space][vc_gallery interval=\u00a0\u00bb3&Prime; images=\u00a0\u00bb3405,3348,3349,3350&Prime; img_size=\u00a0\u00bbfull\u00a0\u00bb][vc_empty_space][\/vc_column][\/vc_row][vc_row][vc_column][vc_empty_space height=\u00a0\u00bb20 px\u00a0\u00bb]<h3 class=\"box_header\">Le Scanner<\/h3>[vc_column_text]<\/p>\n<p style=\"text-align: justify;\">Le Centre d\u2019Imagerie M\u00e9dicale Les C\u00e8dres dispose de deux SCANNER, mat\u00e9riel acquis avec le Centre Hospitalier de St Malo dans le cadre d\u2019un Groupement de Coop\u00e9ration Sanitaire (GCS). \u00a0Les manipulateurs, les secr\u00e9taires et les radiologues \u00a0du Centre d\u2019Imagerie seront \u00e0 votre\u00a0\u00e9coute pour la prise en charge et la r\u00e9alisation de vos principaux examens de scanner.<br \/>\nUn appareil est situ\u00e9 sur le site de La Clinique de la C\u00f4te d\u2019Emeraude, le deuxi\u00e8me dans le B\u00e2timent du Centre d\u2019Imagerie de La D\u00e9couverte 70 Avenue du G\u00e9n\u00e9ral De Gaulle \u00e0 St Malo. En fonction de la disponibilit\u00e9 et\/ou du type d\u2019examen votre rendez-vous aura lieu sur un des deux centres.<\/p>\n<p>[\/vc_column_text][vc_empty_space height=\u00a0\u00bb20 px\u00a0\u00bb]<h3 class=\"box_header\">Informations pratiques<\/h3>[vc_column_text]<\/p>\n<p style=\"text-align: justify;\">Il existe un certain nombre de places de parking situ\u00e9es \u00e0 proximit\u00e9 de chaque centre. L\u2019acc\u00e8s est pr\u00e9vu pour les patients \u00e0 mobilit\u00e9 r\u00e9duite (acc\u00e8s de plain-pied).\u00a0Pour \u00a0bien pr\u00e9parer votre rendez-vous nous vous conseillons de consulter la rubrique\u00a0\u00ab\u00a0<a href=\"https:\/\/imagerielescedres.fr\/?page_id=2824\">Votre rendez-vous\u00a0<\/a>\u00bb afin de ne rien oublier lors de votre venue.<br \/>\n<span style=\"text-align: justify;\">Vous pourrez consulter votre r\u00e9sultat d\u2019examen \u00e0 partir de votre <\/span><a style=\"text-align: justify;\" href=\"#\">Espace Patient<\/a><span style=\"text-align: justify;\">.<\/span><\/p>\n<p>[\/vc_column_text][vc_empty_space height=\u00a0\u00bb20 px\u00a0\u00bb]<h3 class=\"box_header\">Coordonn\u00e9es<\/h3>[vc_column_text]<strong>Clinique de la C\u00f4te d\u2019Emeraude<br \/>\nService SCANNER<br \/>\n<\/strong>1, rue Maison Neuve<br \/>\n35400 SAINT-MALO<br \/>\nT\u00e9l. : 02 23 52 20 01<br \/>\nFax : 02 99 16 70 11[\/vc_column_text][vc_column_text]<strong>Centre\u00a0de la D\u00e9couverte<br \/>\nService SCANNER<br \/>\n<\/strong>70, avenue du G\u00e9n\u00e9ral de Gaulle<br \/>\n35400 SAINT-MALO<br \/>\nT\u00e9l. : 02 23 52 20 01<br \/>\nFax : 02 99 16 70 11[\/vc_column_text][vc_empty_space height=\u00a0\u00bb20 px\u00a0\u00bb]<h3 class=\"box_header\">Horaires<\/h3>[vc_column_text]<strong>Centre de la D\u00e9couverte &#8211; Service SCANNER<\/strong><br \/>\n\u2022 Lundi et Mercredi : 14h-19h<br \/>\n\u2022 Mardi, Jeudi et Vendredi : 8h-13h<\/p>\n<p><strong>Clinique de la C\u00f4te d\u2019Emeraude<span class=\"Apple-converted-space\">\u00a0<\/span>&#8211; Service SCANNER<\/strong><br \/>\n\u2022 Du\u00a0Lundi au Vendredi : 8h-19h[\/vc_column_text][\/vc_column][\/vc_row]<\/p>\n","protected":false},"excerpt":{"rendered":"<p>[vc_row][vc_column][vc_empty_space][vc_gallery interval=\u00a0\u00bb3&Prime; images=\u00a0\u00bb3405,3348,3349,3350&Prime; img_size=\u00a0\u00bbfull\u00a0\u00bb][vc_empty_space][\/vc_column][\/vc_row][vc_row][vc_column][vc_empty_space height=\u00a0\u00bb20 px\u00a0\u00bb][vc_column_text] Le Centre d\u2019Imagerie M\u00e9dicale Les C\u00e8dres dispose de deux SCANNER, mat\u00e9riel acquis avec le Centre Hospitalier de St Malo dans le cadre d\u2019un Groupement de Coop\u00e9ration Sanitaire (GCS). \u00a0Les manipulateurs, les secr\u00e9taires et les radiologues \u00a0du Centre d\u2019Imagerie seront \u00e0 votre\u00a0\u00e9coute pour la prise en charge et la r\u00e9alisation<\/p>\n","protected":false},"author":1,"featured_media":0,"parent":0,"menu_order":0,"comment_status":"closed","ping_status":"closed","template":"","meta":{"footnotes":""},"_links":{"self":[{"href":"https:\/\/imagerielescedres.fr\/index.php?rest_route=\/wp\/v2\/pages\/3310"}],"collection":[{"href":"https:\/\/imagerielescedres.fr\/index.php?rest_route=\/wp\/v2\/pages"}],"about":[{"href":"https:\/\/imagerielescedres.fr\/index.php?rest_route=\/wp\/v2\/types\/page"}],"author":[{"embeddable":true,"href":"https:\/\/imagerielescedres.fr\/index.php?rest_route=\/wp\/v2\/users\/1"}],"replies":[{"embeddable":true,"href":"https:\/\/imagerielescedres.fr\/index.php?rest_route=%2Fwp%2Fv2%2Fcomments&post=3310"}],"version-history":[{"count":12,"href":"https:\/\/imagerielescedres.fr\/index.php?rest_route=\/wp\/v2\/pages\/3310\/revisions"}],"predecessor-version":[{"id":3626,"href":"https:\/\/imagerielescedres.fr\/index.php?rest_route=\/wp\/v2\/pages\/3310\/revisions\/3626"}],"wp:attachment":[{"href":"https:\/\/imagerielescedres.fr\/index.php?rest_route=%2Fwp%2Fv2%2Fmedia&parent=3310"}],"curies":[{"name":"wp","href":"https:\/\/api.w.org\/{rel}","templated":true}]}}