{"id":3370,"date":"2014-12-15T18:45:21","date_gmt":"2014-12-15T17:45:21","guid":{"rendered":"http:\/\/imagerielescedres.fr\/?page_id=3370"},"modified":"2025-02-25T16:24:42","modified_gmt":"2025-02-25T15:24:42","slug":"notre-groupe","status":"publish","type":"page","link":"https:\/\/imagerielescedres.fr\/?page_id=3370","title":{"rendered":"NOTRE GROUPE"},"content":{"rendered":"<p>[vc_row][vc_column][vc_column_text]<\/p>\n<p style=\"text-align: justify;\">Le Centre d\u2019Imagerie M\u00e9dicale Les C\u00e8dres regroupe plusieurs cabinets p\u00e9riph\u00e9riques situ\u00e9s \u00e0 Planco\u00ebt, Dinard, Combourg et Saint Malo. Il est \u00e9galement implant\u00e9 au sein de La Clinique de La C\u00f4te d\u2019Emeraude.<\/p>\n<p style=\"text-align: justify;\">Son \u00e9quipe est constitu\u00e9e de 15 radiologues \u00e9paul\u00e9s par une \u00e9quipe de personnel administratif, de secr\u00e9taires m\u00e9dicales, d\u2019Agents en Cabinet d\u2019Imagerie M\u00e9dicale (ACIM) et de manipulateurs en radiologie.<\/p>\n<p style=\"text-align: justify;\">Dans le cadre de la coop\u00e9ration m\u00e9dicale territoriale et partageant un Projet M\u00e9dical Commun, le Centre d\u2019Imagerie M\u00e9dicale Les C\u00e8dres a d\u00e9velopp\u00e9 depuis de longues ann\u00e9es un partenariat avec le Centre Hospitalier de St Malo puis avec la Communaut\u00e9 Hospitali\u00e8re du Territoire Rance Emeraude permettant la mutualisation des moyens mat\u00e9riels et humains. Cela s\u2019est concr\u00e9tis\u00e9 tout d\u2019abord par la participation aux gardes du centre hospitalier Malouin (ann\u00e9es 80) ensuite par la cr\u00e9ation d\u2019un Groupement d\u2019Int\u00e9r\u00eat Economique (GIE) en 1996 et depuis 2011 par la naissance du Groupement de Coop\u00e9ration Sanitaire de la C\u00f4te d\u2019Emeraude (GCSCIMCE). Cette coop\u00e9ration a permis l\u2019acquisition de Scanner et d\u2019IRM : actuellement trois scanners et deux IRM sont pr\u00e9sents sur le territoire malouin.<\/p>\n<p style=\"text-align: justify;\">Les radiologues participent activement aux gardes territoriales du Centre Hospitalier de St Malo et de Dinan, aux R\u00e9unions de Concertation Multidisciplinaire (RCP) dans le cadre de la prise en charge de la maladie canc\u00e9rologique, ont mis en place avec le Centre Hospitalier diff\u00e9rentes conventions pour la prise en charge d\u2019actes de radiologie interventionnelle et pour l\u2019activit\u00e9 s\u00e9nologique. Depuis 2013, une activit\u00e9 de t\u00e9l\u00e9radiologie a \u00e9t\u00e9 mise en place entre le Centre d\u2019Imagerie et le service de radiologie du Centre hospitalier afin d\u2019assurer une continuit\u00e9 de service optimale entre les diff\u00e9rents partenaires en privil\u00e9giant des acteurs locaux connus et reconnus des \u00e9quipes m\u00e9dicales.<\/p>\n<p style=\"text-align: justify;\">Le Centre d\u2019Imagerie est \u00e9galement reli\u00e9 au r\u00e9seau num\u00e9rique haut d\u00e9bit breton (r\u00e9seau RUBIS), ainsi les transferts de vos examens peuvent se faire vers les autres partenaires du r\u00e9seau en particulier vers le Centre Hospitalier Universitaire de Rennes.<br \/>\nDerni\u00e8rement, le Centre d\u2019Imagerie M\u00e9dicale Les C\u00e8dres dans le cadre d\u2019un projet pilot\u00e9 par le GCS CIMCE et en collaboration avec l\u2019\u00e9quipe hospitali\u00e8re, s\u2019est dot\u00e9 d\u2019un syst\u00e8me de diffusion et d\u2019archivage des images (PACS) et d\u2019un syst\u00e8me d\u2019information radiologique (RIS) permettant une mise en commun de l\u2019ensemble des informations li\u00e9es au dossier radiologique entre les diff\u00e9rents partenaires.<\/p>\n<p style=\"text-align: justify;\">En r\u00e9sum\u00e9 l\u2019activit\u00e9 du Centre d\u2019imagerie M\u00e9dicale Les C\u00e8dres s\u2019inscrit fortement dans un double objectif :<br \/>\n\u2022\u00a0consolider et d\u00e9velopper une radiologie de proximit\u00e9 efficace et moderne<br \/>\n\u2022\u00a0continuer \u00e0 participer activement aux besoins territoriaux en imagerie m\u00e9dicale.<\/p>\n<p style=\"text-align: justify;\">En vous remerciant pour votre confiance.<\/p>\n<p style=\"text-align: justify;\">L\u2019\u00e9quipe du Centre d\u2019Imagerie M\u00e9dicale Les C\u00e8dres.<\/p>\n<p>Index sur l\u2019\u00e9galit\u00e9 professionnelle hommes-femmes : d\u00e9clar\u00e9 non calculable par le minist\u00e8re du travail pour notre SCM[\/vc_column_text][\/vc_column][\/vc_row]<\/p>\n","protected":false},"excerpt":{"rendered":"<p>[vc_row][vc_column][vc_column_text] Le Centre d\u2019Imagerie M\u00e9dicale Les C\u00e8dres regroupe plusieurs cabinets p\u00e9riph\u00e9riques situ\u00e9s \u00e0 Planco\u00ebt, Dinard, Combourg et Saint Malo. Il est \u00e9galement implant\u00e9 au sein de La Clinique de La C\u00f4te d\u2019Emeraude. Son \u00e9quipe est constitu\u00e9e de 15 radiologues \u00e9paul\u00e9s par une \u00e9quipe de personnel administratif, de secr\u00e9taires m\u00e9dicales, d\u2019Agents en Cabinet d\u2019Imagerie M\u00e9dicale (ACIM)<\/p>\n","protected":false},"author":1,"featured_media":0,"parent":0,"menu_order":0,"comment_status":"closed","ping_status":"closed","template":"","meta":{"footnotes":""},"_links":{"self":[{"href":"https:\/\/imagerielescedres.fr\/index.php?rest_route=\/wp\/v2\/pages\/3370"}],"collection":[{"href":"https:\/\/imagerielescedres.fr\/index.php?rest_route=\/wp\/v2\/pages"}],"about":[{"href":"https:\/\/imagerielescedres.fr\/index.php?rest_route=\/wp\/v2\/types\/page"}],"author":[{"embeddable":true,"href":"https:\/\/imagerielescedres.fr\/index.php?rest_route=\/wp\/v2\/users\/1"}],"replies":[{"embeddable":true,"href":"https:\/\/imagerielescedres.fr\/index.php?rest_route=%2Fwp%2Fv2%2Fcomments&post=3370"}],"version-history":[{"count":4,"href":"https:\/\/imagerielescedres.fr\/index.php?rest_route=\/wp\/v2\/pages\/3370\/revisions"}],"predecessor-version":[{"id":3666,"href":"https:\/\/imagerielescedres.fr\/index.php?rest_route=\/wp\/v2\/pages\/3370\/revisions\/3666"}],"wp:attachment":[{"href":"https:\/\/imagerielescedres.fr\/index.php?rest_route=%2Fwp%2Fv2%2Fmedia&parent=3370"}],"curies":[{"name":"wp","href":"https:\/\/api.w.org\/{rel}","templated":true}]}}