{"id":455,"date":"2013-03-18T08:39:15","date_gmt":"2013-03-18T08:39:15","guid":{"rendered":"http:\/\/localhost\/wordpress\/medicenter\/?page_id=455"},"modified":"2020-07-22T17:24:14","modified_gmt":"2020-07-22T16:24:14","slug":"home-style-5","status":"publish","type":"page","link":"https:\/\/imagerielescedres.fr\/","title":{"rendered":"Home Style 5"},"content":{"rendered":"<p>[vc_row][vc_column][vc_empty_space]<h3 class=\"box_header animation-slide page_margin_top\">ACTUALIT\u00c9S<\/h3>[\/vc_column][\/vc_row][vc_row][vc_column][vc_column_text]<strong>INFORMATION COVID-19<\/strong><\/p>\n<p>Les Centres d\u2019Imagerie LES CEDRES restent ouverts pour assurer la continuit\u00e9 des soins.<br \/>\nCependant si vous avez un rendez-vous programm\u00e9, vous serez susceptible d\u2019\u00eatre contact\u00e9 par nos \u00e9quipes pour reporter votre rendez-vous, ou pour confirmer son imp\u00e9rative n\u00e9cessit\u00e9.<\/p>\n<p>Les examens urgents restent la priorit\u00e9.<\/p>\n<p>Afin de limiter la propagation du virus COVID-19\u00a0:<\/p>\n<ul>\n<li>Prendre rendez-vous uniquement par t\u00e9l\u00e9phone, \u00e9viter de vous rendre sur place<\/li>\n<li>La prise de RDV sur Internet (Doctolib) est suspendue<\/li>\n<li>Merci de nous informer si vous pr\u00e9sentez des sympt\u00f4mes tels que fi\u00e8vre, g\u00e8nes respiratoires ou toux<\/li>\n<li>Ne pas venir en avance au rendez-vous<\/li>\n<li>Venez seul(e) si possible, sinon l\u2019accompagnant devra attendre en dehors de la salle d\u2019attente<\/li>\n<li>N\u2019attendez pas vos r\u00e9sultats, ils seront directement communiqu\u00e9s \u00e0 votre m\u00e9decin prescripteur<\/li>\n<li>Pour vous prot\u00e9ger au quotidien : adoptez les gestes barri\u00e8res.<\/li>\n<li>Pour tout autre renseignement sur le Covid-19 : <u><u><a href=\"http:\/\/www.gouvernement.fr\/info-coronavirus\" target=\"_blank\" rel=\"noopener noreferrer\">www.gouvernement.fr\/info-coronavirus<\/a><\/u><\/u><\/li>\n<\/ul>\n<p>[\/vc_column_text][vc_column_text css=\u00a0\u00bb.vc_custom_1595435052972{margin-top: 50px !important;}\u00a0\u00bb]<a href=\"https:\/\/www.groupe-vidi.fr\" target=\"_blank\" rel=\"noopener noreferrer\"><img loading=\"lazy\" decoding=\"async\" class=\"size-full wp-image-3597 aligncenter\" src=\"https:\/\/imagerielescedres.fr\/wp-content\/uploads\/2020\/07\/vidi.png\" alt=\"\" width=\"408\" height=\"97\" srcset=\"https:\/\/imagerielescedres.fr\/wp-content\/uploads\/2020\/07\/vidi.png 408w, https:\/\/imagerielescedres.fr\/wp-content\/uploads\/2020\/07\/vidi-300x71.png 300w\" sizes=\"(max-width: 408px) 100vw, 408px\" \/><\/a>[\/vc_column_text][\/vc_column][\/vc_row]<\/p>\n","protected":false},"excerpt":{"rendered":"<p>[vc_row][vc_column][vc_empty_space][\/vc_column][\/vc_row][vc_row][vc_column][vc_column_text]INFORMATION COVID-19 Les Centres d\u2019Imagerie LES CEDRES restent ouverts pour assurer la continuit\u00e9 des soins. Cependant si vous avez un rendez-vous programm\u00e9, vous serez susceptible d\u2019\u00eatre contact\u00e9 par nos \u00e9quipes pour reporter votre rendez-vous, ou pour confirmer son imp\u00e9rative n\u00e9cessit\u00e9. Les examens urgents restent la priorit\u00e9. Afin de limiter la propagation du virus COVID-19\u00a0: Prendre<\/p>\n","protected":false},"author":2,"featured_media":0,"parent":0,"menu_order":0,"comment_status":"open","ping_status":"open","template":"template-home.php","meta":{"footnotes":""},"_links":{"self":[{"href":"https:\/\/imagerielescedres.fr\/index.php?rest_route=\/wp\/v2\/pages\/455"}],"collection":[{"href":"https:\/\/imagerielescedres.fr\/index.php?rest_route=\/wp\/v2\/pages"}],"about":[{"href":"https:\/\/imagerielescedres.fr\/index.php?rest_route=\/wp\/v2\/types\/page"}],"author":[{"embeddable":true,"href":"https:\/\/imagerielescedres.fr\/index.php?rest_route=\/wp\/v2\/users\/2"}],"replies":[{"embeddable":true,"href":"https:\/\/imagerielescedres.fr\/index.php?rest_route=%2Fwp%2Fv2%2Fcomments&post=455"}],"version-history":[{"count":44,"href":"https:\/\/imagerielescedres.fr\/index.php?rest_route=\/wp\/v2\/pages\/455\/revisions"}],"predecessor-version":[{"id":3600,"href":"https:\/\/imagerielescedres.fr\/index.php?rest_route=\/wp\/v2\/pages\/455\/revisions\/3600"}],"wp:attachment":[{"href":"https:\/\/imagerielescedres.fr\/index.php?rest_route=%2Fwp%2Fv2%2Fmedia&parent=455"}],"curies":[{"name":"wp","href":"https:\/\/api.w.org\/{rel}","templated":true}]}}